{"id":1492,"date":"2024-12-06T11:07:16","date_gmt":"2024-12-06T11:07:16","guid":{"rendered":"https:\/\/pbuk.pl\/?page_id=1492"},"modified":"2025-08-21T11:20:17","modified_gmt":"2025-08-21T11:20:17","slug":"cookie-policy","status":"publish","type":"page","link":"https:\/\/pbuk.pl\/en\/polityka-cookies\/","title":{"rendered":"Cookies policy"},"content":{"rendered":"<h2>1. Introduction<\/h2>\n<p>Our website, <a href=\"https:\/\/pbuk.pl\/en\/\">https:\/\/pbuk.pl<\/a> (hereinafter referred to as the \"Website\") uses cookies and other related technologies (for convenience, all technologies are referred to as \"cookies\"). Cookies are also placed by external websites. In the following document, we inform you about the use of cookies on our website.<\/p>\n<h2>2. What are cookies?<\/h2>\n<p>A cookie is a small, simple file that is sent along with pages from this website and stored by your browser on the hard drive of your computer or other device. The information stored in them may be returned to our servers or to the servers of the relevant third party during a subsequent visit.<\/p>\n<h2>3. What are scripts?<\/h2>\n<p>A script is a piece of program code that is used to make our website function properly and interactively. This code is executed on our server or on your device.<\/p>\n<h2>4. Cookies<\/h2>\n<p class=\"cmplz-subtitle\">Ciasteczka techniczne lub funkcjonalne<\/p>\n<p>Niekt\u00f3re pliki cookies zapewniaj\u0105 prawid\u0142owe dzia\u0142anie niekt\u00f3rych cz\u0119\u015bci witryny i poznanie preferencji u\u017cytkownika. Umieszczaj\u0105c funkcjonalne pliki cookies, u\u0142atwiamy odwiedzanie naszej strony internetowej. W ten spos\u00f3b nie musisz wielokrotnie wprowadza\u0107 tych samych informacji podczas odwiedzania naszej strony internetowej i, na przyk\u0142ad, kontynuowa\u0107 wype\u0142nianie formularzy. Mo\u017cemy umie\u015bci\u0107 te pliki cookies bez Twojej zgody.<\/p>\n<h2>5. Cookies placed<\/h2>\n<ul>\n<li><strong>Google Fonts (functional)<\/strong><br \/>\n- Google Fonts API<\/li>\n<li><strong>Google Maps (functional)<\/strong><br \/>\n- Google Maps API<\/li>\n<li><strong>Compilanz (funkcional)<\/strong><br \/>\n- cmplz_functional<br \/>\n- cmplz_preferences<br \/>\n- cmplz_consented_services<\/li>\n<li><strong>Others (funkcional)<\/strong><br \/>\n- e_globals<br \/>\n- elementor<br \/>\n- e_kit-elements-defaults<br \/>\n- wpEmojiSettingsSupports<br \/>\n- PHPSESSID<\/li>\n<\/ul>\n<h2>6. Consent<\/h2>\n<p>When you first visit our website, we'll show you a pop-up explaining our cookie policy. By clicking \"Save,\" you consent to our use of the cookie categories and plug-ins you selected in the pop-up, as described in this cookie policy. You can disable cookies through your browser, but please note that our website may no longer function properly.<\/p>\n<h2>7. Enabling\/disabling and deleting cookies<\/h2>\n<p>You can use your web browser to automatically or manually delete cookies. You can also specify that certain cookies not be placed. Another option is to change your web browser settings so that you receive a notification each time a cookie is placed. For more information about these options, refer to your browser's help section for instructions.<\/p>\n<p>Please note that our website may not function properly if all cookies are disabled. If you delete cookies in your browser, they will be re-installed after you consent when you return to our websites.<\/p>\n<h2>8. Your rights regarding personal data<\/h2>\n<p>You have the following rights in relation to your personal data:<\/p>\n<ul>\n<li>You have the right to know why your personal data is needed, what will happen to it, and how long it will be kept.<\/li>\n<li>Right of access: You have the right to access the personal data known to us.<\/li>\n<li>Right to rectification: you have the right to have your personal data supplemented, corrected, deleted or blocked at any time.<\/li>\n<li>If you consent to the processing of your data, you have the right to withdraw that consent and have your personal data deleted.<\/li>\n<li>Right to transfer data: you have the right to request all your personal data from the controller and to transfer them in their entirety to another controller.<\/li>\n<li>Right to object: You have the right to object to data processing. We will respect this right unless there are compelling legitimate grounds for processing.<\/li>\n<\/ul>\n<p>To exercise these rights, please contact us. Please refer to the contact details at the bottom of this cookie statement. If you have a complaint about how we handle your data, we would like to hear from you, but you also have the right to lodge a complaint with a supervisory authority (data protection authority).<\/p>\n<h2>9. Contact details<\/h2>\n<p>If you have any questions and\/or comments regarding our cookie policy and this statement, please contact us using the following contact details:<\/p>\n<p>Polish Motor Insurers' Bureau<br \/>\n\u015awi\u0119tokrzyska 14<br \/>\n00-050 Warsaw<br \/>\nOur website, <a href=\"https:\/\/pbuk.pl\/en\/\">https:\/\/pbuk.pl<\/a><br \/>\nEmail: <a href=\"mailto:iod@pbuk.pl\">iod@pbuk.pl<\/a><\/p>\n<p>&nbsp;<\/p>","protected":false},"excerpt":{"rendered":"<p>1. Wprowadzenie Nasza strona internetowa, https:\/\/pbuk.pl (dalej: \u201estrona internetowa\u201d) u\u017cywa plik\u00f3w cookies i innych powi\u0105zanych technologii (dla wygody wszystkie technologie s\u0105 okre\u015blane jako \u201epliki cookies\u201d). Pliki cookies s\u0105 r\u00f3wnie\u017c umieszczane przez strony zewn\u0119trzne. W poni\u017cszym dokumencie informujemy o korzystaniu z plik\u00f3w cookies na naszej stronie internetowej. 2. Czym s\u0105\u00a0cookies? Plik cookies to niewielki prosty plik [&hellip;]<\/p>\n","protected":false},"author":1,"featured_media":0,"parent":0,"menu_order":0,"comment_status":"closed","ping_status":"closed","template":"","meta":{"_acf_changed":false,"inline_featured_image":false,"footnotes":""},"class_list":["post-1492","page","type-page","status-publish","hentry"],"acf":[],"_links":{"self":[{"href":"https:\/\/pbuk.pl\/en\/wp-json\/wp\/v2\/pages\/1492","targetHints":{"allow":["GET"]}}],"collection":[{"href":"https:\/\/pbuk.pl\/en\/wp-json\/wp\/v2\/pages"}],"about":[{"href":"https:\/\/pbuk.pl\/en\/wp-json\/wp\/v2\/types\/page"}],"author":[{"embeddable":true,"href":"https:\/\/pbuk.pl\/en\/wp-json\/wp\/v2\/users\/1"}],"replies":[{"embeddable":true,"href":"https:\/\/pbuk.pl\/en\/wp-json\/wp\/v2\/comments?post=1492"}],"version-history":[{"count":0,"href":"https:\/\/pbuk.pl\/en\/wp-json\/wp\/v2\/pages\/1492\/revisions"}],"wp:attachment":[{"href":"https:\/\/pbuk.pl\/en\/wp-json\/wp\/v2\/media?parent=1492"}],"curies":[{"name":"wp","href":"https:\/\/api.w.org\/{rel}","templated":true}]}}