{"id":1494,"date":"2024-12-06T11:08:47","date_gmt":"2024-12-06T11:08:47","guid":{"rendered":"https:\/\/pbuk.pl\/?page_id=1494"},"modified":"2025-10-21T14:44:57","modified_gmt":"2025-10-21T12:44:57","slug":"nota-prawna","status":"publish","type":"page","link":"https:\/\/pbuk.pl\/en\/nota-prawna\/","title":{"rendered":"Terms of service (legal notice)"},"content":{"rendered":"<div style=\"text-align: justify;\">\n<p>Rozpocz\u0119cie przez U\u017cytkownika korzystania z portalu PBUK jest r\u00f3wnoznaczne z akceptacj\u0105 postanowie\u0144 poni\u017cszych zasad:<\/p>\n<p>PBUK informuje i zastrzega, \u017ce dane zawarte na stronach niniejszego serwisu internetowego nie stanowi\u0105 oferty w rozumieniu przepis\u00f3w kodeksu cywilnego dla jakichkolwiek podmiot\u00f3w i podane zosta\u0142y wy\u0142\u0105cznie w celach informacyjnych.<\/p>\n<p>PBUK o\u015bwiadcza, \u017ce cho\u0107 materia\u0142y i informacje sk\u0142adaj\u0105ce si\u0119 na zasoby serwisu s\u0105 redagowane z nale\u017cyt\u0105 staranno\u015bci\u0105 to z uwagi na specyfik\u0119 \u015bwiadczonych us\u0142ug, oraz okresowo\u015b\u0107 aktualizacji danych PBUK (w tym zindeksowanych, nieaktualnych informacji w wyszukiwarkach) nie ponosi \u017cadnej odpowiedzialno\u015bci za dok\u0142adno\u015b\u0107, aktualno\u015b\u0107 oraz kompletno\u015b\u0107 danych. Ca\u0142kowite ryzyko z tytu\u0142u wykorzystania dostarczonych wiadomo\u015bci ponosi u\u017cytkownik niniejszego serwisu internetowego. PBUK nie ponosi \u017cadnej odpowiedzialno\u015bci za jakiekolwiek szkody b\u0119d\u0105ce rezultatem korzystania, oparcia si\u0119 na tych informacjach lub niemo\u017cno\u015bci korzystania z materia\u0142\u00f3w zamieszczonych na niniejszej stronie internetowej.<\/p>\n<p>Zawarto\u015b\u0107 niniejszej witryny internetowej, w szczeg\u00f3lno\u015bci znaki towarowe s\u0105 chronione prawem polskim.<\/p>\n<p>Wszelkie prawa do ca\u0142ej zawarto\u015bci portalu internetowego s\u0105 zastrze\u017cone. U\u017cytkownik ma prawo do pobrania oraz drukowania ca\u0142ych stron lub fragment\u00f3w portalu pod warunkiem nie naruszania praw autorskich oraz praw rejestracji znak\u00f3w towarowych nale\u017c\u0105cych do PBUK \u017badna cz\u0119\u015b\u0107 portalu PBUK nie mo\u017ce by\u0107 w celach komercyjnych kopiowana w ca\u0142o\u015bci lub cz\u0119\u015bci, transmitowana elektronicznie lub w inny spos\u00f3b, modyfikowana, linkowana lub wykorzystywana bez zgody PBUK.<\/p>\n<p>PBUK zapewnia osoby odwiedzaj\u0105ce serwis <a href=\"https:\/\/pbuk.pl\/en\/\">www.pbuk.pl<\/a> i wype\u0142niaj\u0105ce formularze na niniejszej stronie, \u017ce przestrzega zasad polityki prywatno\u015bci znajduj\u0105cej si\u0119 <a href=\"\/en\/polityka-prywatnosci\/\">here<\/a>.<\/p>\n<p>PBUK zbiera za pomoc\u0105 tzw. &#8222;cookies&#8221; informacje o sesjach u\u017cytkownik\u00f3w. Polityka Cookies znajduje si\u0119 <a href=\"\/en\/cookie-policy\/\">here<\/a>.<\/p>\n<\/div>","protected":false},"excerpt":{"rendered":"<p>Rozpocz\u0119cie przez U\u017cytkownika korzystania z portalu PBUK jest r\u00f3wnoznaczne z akceptacj\u0105 postanowie\u0144 poni\u017cszych zasad: PBUK informuje i zastrzega, \u017ce dane zawarte na stronach niniejszego serwisu internetowego nie stanowi\u0105 oferty w rozumieniu przepis\u00f3w kodeksu cywilnego dla jakichkolwiek podmiot\u00f3w i podane zosta\u0142y wy\u0142\u0105cznie w celach informacyjnych. PBUK o\u015bwiadcza, \u017ce cho\u0107 materia\u0142y i informacje sk\u0142adaj\u0105ce si\u0119 na zasoby [&hellip;]<\/p>\n","protected":false},"author":1,"featured_media":0,"parent":0,"menu_order":0,"comment_status":"closed","ping_status":"closed","template":"","meta":{"_acf_changed":false,"inline_featured_image":false,"footnotes":""},"class_list":["post-1494","page","type-page","status-publish","hentry"],"acf":[],"_links":{"self":[{"href":"https:\/\/pbuk.pl\/en\/wp-json\/wp\/v2\/pages\/1494","targetHints":{"allow":["GET"]}}],"collection":[{"href":"https:\/\/pbuk.pl\/en\/wp-json\/wp\/v2\/pages"}],"about":[{"href":"https:\/\/pbuk.pl\/en\/wp-json\/wp\/v2\/types\/page"}],"author":[{"embeddable":true,"href":"https:\/\/pbuk.pl\/en\/wp-json\/wp\/v2\/users\/1"}],"replies":[{"embeddable":true,"href":"https:\/\/pbuk.pl\/en\/wp-json\/wp\/v2\/comments?post=1494"}],"version-history":[{"count":6,"href":"https:\/\/pbuk.pl\/en\/wp-json\/wp\/v2\/pages\/1494\/revisions"}],"predecessor-version":[{"id":7855,"href":"https:\/\/pbuk.pl\/en\/wp-json\/wp\/v2\/pages\/1494\/revisions\/7855"}],"wp:attachment":[{"href":"https:\/\/pbuk.pl\/en\/wp-json\/wp\/v2\/media?parent=1494"}],"curies":[{"name":"wp","href":"https:\/\/api.w.org\/{rel}","templated":true}]}}