{"id":2508,"date":"2025-02-24T12:33:27","date_gmt":"2025-02-24T12:33:27","guid":{"rendered":"https:\/\/pbuk.pl\/?page_id=2508"},"modified":"2025-09-26T12:06:53","modified_gmt":"2025-09-26T10:06:53","slug":"lista-korespondentow","status":"publish","type":"page","link":"https:\/\/pbuk.pl\/en\/lista-korespondentow\/","title":{"rendered":"List of correspondents"},"content":{"rendered":"<div data-elementor-type=\"wp-page\" data-elementor-id=\"2508\" class=\"elementor elementor-2508\" data-elementor-post-type=\"page\">\n\t\t\t\t<div class=\"elementor-element elementor-element-654eeb23 e-flex e-con-boxed e-con e-parent\" data-id=\"654eeb23\" data-element_type=\"container\" data-e-type=\"container\">\n\t\t\t\t\t<div class=\"e-con-inner\">\n\t\t\t\t<div class=\"elementor-element elementor-element-2aa188c4 elementor-widget elementor-widget-text-editor\" data-id=\"2aa188c4\" data-element_type=\"widget\" data-e-type=\"widget\" data-widget_type=\"text-editor.default\">\n\t\t\t\t<div class=\"elementor-widget-container\">\n\t\t\t\t\t\t\t\t\t<h3 style=\"text-align: center;\">Tylko dla <span class=\"green\">szk\u00f3d<\/span> zaistnia\u0142ych <span class=\"green\">na terytorium Polski<\/span>.<\/h3><p>Aby wy\u015bwietli\u0107 korespondenta zagranicznego ubezpieczyciela wybierz z listy kraj ubezpieczyciela, a nast\u0119pnie wybierz jego nazw\u0119.<\/p><p><strong>Korespondent<\/strong> to nominowany przedstawiciel zagranicznego ubezpieczyciela, zatwierdzony przez biuro narodowe kraju zdarzenia, kt\u00f3rego zadaniem jest likwidacja szk\u00f3d powsta\u0142ych w kraju, w kt\u00f3rym jest ustanowiony, a spowodowanych przez kieruj\u0105cego posiadaj\u0105cego wa\u017cne ubezpieczenie OC zagranicznego ubezpieczyciela.<\/p><p>Aby wy\u015bwietli\u0107 korespondenta zagranicznego ubezpieczyciela <strong>wybierz z listy kraj ubezpieczyciela<\/strong>, a nast\u0119pnie <strong>wybierz jego nazw\u0119<\/strong>.<\/p>\t\t\t\t\t\t\t\t<\/div>\n\t\t\t\t<\/div>\n\t\t\t\t<div class=\"elementor-element elementor-element-8bf9197 elementor-hidden-widescreen elementor-hidden-desktop elementor-hidden-laptop elementor-hidden-tablet elementor-hidden-mobile elementor-widget elementor-widget-heading\" data-id=\"8bf9197\" data-element_type=\"widget\" data-e-type=\"widget\" data-widget_type=\"heading.default\">\n\t\t\t\t<div class=\"elementor-widget-container\">\n\t\t\t\t\t<p class=\"elementor-heading-title elementor-size-default\">Wyszukiwarka dost\u0119pna wkr\u00f3tce.<\/p>\t\t\t\t<\/div>\n\t\t\t\t<\/div>\n\t\t\t\t<div class=\"elementor-element elementor-element-6192781 elementor-widget elementor-widget-shortcode\" data-id=\"6192781\" data-element_type=\"widget\" data-e-type=\"widget\" data-widget_type=\"shortcode.default\">\n\t\t\t\t<div class=\"elementor-widget-container\">\n\t\t\t\t\t\t\t<div class=\"elementor-shortcode\"><form action=\"\/en\/wp-json\/wp\/v2\/pages\/2508\" method=\"post\" enctype=\"multipart\/form-data\" onsubmit=\"return false;\" class=\"pbuk-form\" data-trp-original-action=\"\/en\/wp-json\/wp\/v2\/pages\/2508\">\r\n    <fieldset>\r\n        <legend>Znajd\u017a korespondenta<\/legend>\r\n\r\n        <div class=\"control-group\">\r\n            <div class=\"controls\">\r\n                <label for=\"pbuk_select_korkraj\">Country<\/label>\r\n                <select name=\"pbuk_select_korkraj\" id=\"pbuk_select_korkraj\" class=\"form-control\"><option value=\"0\">Wybierz kraj<\/option>\n<option value=\"2\">Albania<\/option>\n<option value=\"3\">Andorra<\/option>\n<option value=\"1\">Austria<\/option>\n<option value=\"63\">Azerbaijan<\/option>\n<option value=\"7\">Belarus<\/option>\n<option value=\"4\">Belgium<\/option>\n<option value=\"6\">Bosnia-Herzegovina<\/option>\n<option value=\"5\">Bulgaria<\/option>\n<option value=\"20\">Croatia<\/option>\n<option value=\"9\">Cyprus<\/option>\n<option value=\"10\">Czech Republic<\/option>\n<option value=\"12\">Denmark<\/option>\n<option value=\"14\">Estonia<\/option>\n<option value=\"16\">Finland<\/option>\n<option value=\"15\">France<\/option>\n<option value=\"11\">Germany<\/option>\n<option value=\"18\">Greece<\/option>\n<option value=\"19\">Hungary<\/option>\n<option value=\"25\">Iceland<\/option>\n<option value=\"23\">Iran<\/option>\n<option value=\"24\">Ireland<\/option>\n<option value=\"22\">Israel<\/option>\n<option value=\"21\">Italy<\/option>\n<option value=\"28\">Latvia<\/option>\n<option value=\"45\">Liechtenstein<\/option>\n<option value=\"27\">Lithuania<\/option>\n<option value=\"26\">Luxembourg<\/option>\n<option value=\"32\">Macedonia<\/option>\n<option value=\"29\">Malta<\/option>\n<option value=\"31\">Moldova<\/option>\n<option value=\"62\">Montenegro<\/option>\n<option value=\"30\">Morocco<\/option>\n<option value=\"34\">Netherlands<\/option>\n<option value=\"33\">Norway<\/option>\n<option value=\"35\">Portugal<\/option>\n<option value=\"37\">Romania<\/option>\n<option value=\"51\">Russia<\/option>\n<option value=\"61\">Serbia <\/option>\n<option value=\"40\">Slovakia<\/option>\n<option value=\"41\">Slovenia<\/option>\n<option value=\"13\">Spain<\/option>\n<option value=\"38\">Sweden<\/option>\n<option value=\"8\">Switzerland<\/option>\n<option value=\"42\">Tunisia<\/option>\n<option value=\"43\">Turkey<\/option>\n<option value=\"44\">Ukraine<\/option>\n<option value=\"17\">United Kingdom<\/option><\/select>            <\/div>\r\n        <\/div>\r\n\r\n        <div class=\"control-group\">\r\n            <div class=\"controls\">\r\n                <label for=\"pbuk_select_kortow\">Towarzystwo<\/label>\r\n                <select name=\"pbuk_select_kortow\" id=\"pbuk_select_kortow\" class=\"form-control\"><option value=\"0\">Wybierz towarzystwo<\/option><\/select>            <\/div>\r\n        <\/div>\r\n\r\n        <div class=\"control-group\">\r\n            <div class=\"controls\">\r\n                <label for=\"pbuk_input_greencard\">Kod Zielonej Karty<\/label>\r\n                <input type=\"text\" name=\"pbuk_input_greencard\" id=\"pbuk_input_greencard\"  inputmode=\"text\" autocomplete=\"off\" spellcheck=\"false\"\r\n       placeholder=\"np. D-5515\" class=\"form-control\" value=\"\">\r\n            <\/div>\r\n        <\/div>\r\n    <\/fieldset>\r\n\r\n\r\n    <fieldset>\r\n        <div class=\"control-group\">\r\n            <div class=\"controls\">\r\n      <button type=\"button\" id=\"pbuk_reset_button\" class=\"btn btn-reset\">Resetuj<\/button>\r\n            <\/div>\r\n        <\/div>\r\n    <\/fieldset>\r\n\r\n<fieldset class=\"pbuk_fieldset_nokorespondent hidden\">\r\n  <legend>Brak korespondenta<\/legend>\r\n  <div class=\"control-group\">\r\n    <div class=\"controls\">\r\n      <p>\r\n        W takiej sytuacji skontaktuj si\u0119 z PZU S.A. lub TUiR WARTA S.A. i zg\u0142o\u015b szkod\u0119 w jednym z tych\r\n        zak\u0142ad\u00f3w ubezpiecze\u0144, prosz\u0105c o przyj\u0119cie zg\u0142oszenia szkody w charakterze Agenta PBUK.\r\n        Zajmuje si\u0119 on likwidacj\u0105 szk\u00f3d w imieniu PBUK w sytuacji, gdy ubezpieczyciel zagranicznego\r\n        towarzystwa nie posiada na terenie Polski swojego przedstawiciela (tzw. korespondenta).\r\n      <\/p>\r\n    <\/div>\r\n  <\/div>\r\n<\/fieldset>\r\n\r\n<fieldset class=\"pbuk_fieldset_badcompany hidden\">\r\n  <legend>B\u0142\u0105d. Nie uda\u0142o si\u0119 odnale\u017a\u0107 towarzystwa.<\/legend>\r\n  <div class=\"control-group\">\r\n    <div class=\"controls\">\r\n      <p style=\"text-align:center;\">Sprawd\u017a poprawno\u015b\u0107 podanych danych i spr\u00f3buj ponownie.<\/p>\r\n    <\/div>\r\n  <\/div>\r\n<\/fieldset>\r\n\r\n\r\n    <fieldset class=\"pbuk_fieldset_nogreencard hidden\">\r\n        <div class=\"control-group\">\r\n            <div class=\"controls\">\r\n                Nieprawid\u0142owy kod zielonej karty            <\/div>\r\n        <\/div>\r\n    <\/fieldset>\r\n\r\n    <fieldset class=\"pbuk_fieldset_korespondent hidden\">\r\n        <legend>Dane korespondenta<\/legend>\r\n\r\n        <div class=\"pbuk-cor-card\">\r\n\r\n            <div class=\"pbuk-cor-grid\">\r\n                <!-- Logo korespondenta (zawsze, tak\u017ce gdy brak oddzia\u0142u) -->\r\n                <div class=\"pbuk-cor-logo\">\r\n                    <div id=\"pbuk_cor_logo\" class=\"pbuk-logo-box\"><\/div>\r\n                <\/div>\r\n\r\n                <!-- Dane g\u0142\u00f3wne -->\r\n                <div class=\"pbuk-cor-main\">\r\n                    <div class=\"pbuk-cor-head\">\r\n                        <div id=\"pbuk_input_nazwa\" class=\"pbuk-cor-title\"><\/div>\r\n                        <div id=\"pbuk_code_badge\" class=\"pbuk-code-badge\"><\/div>\r\n                    <\/div>\r\n\r\n                    <div class=\"pbuk-cor-cols\">\r\n                        <div class=\"pbuk-cor-col\">\r\n                            <div class=\"pbuk-group\">\r\n                                <label>Adres<\/label>\r\n                                <div id=\"pbuk_input_adres\"><\/div>\r\n                            <\/div>\r\n                        <\/div>\r\n                        <div class=\"pbuk-cor-col\">\r\n                            <div class=\"pbuk-group\">\r\n                                <label>Contact<\/label>\r\n                                <div id=\"pbuk_input_kontakt\"><\/div>\r\n                            <\/div>\r\n                        <\/div>\r\n                    <\/div>\r\n\r\n                    <!-- Pole kodu \u2013 zostawiamy dla zgodno\u015bci z JS, ale chowamy w CSS -->\r\n                    <div class=\"pbuk-cor-hidden-code\">\r\n                        <div id=\"pbuk_input_kod\"><\/div>\r\n                    <\/div>\r\n                <\/div>\r\n            <\/div>\r\n\r\n            <div class=\"pbuk-oddzial-section hidden\">\r\n                <div id=\"pbuk_oddzial\"><\/div>\r\n            <\/div>\r\n\r\n        <\/div>\r\n    <\/fieldset>\r\n\r\n<input type=\"hidden\" name=\"trp-form-language\" value=\"en\"\/><\/form>\r\n<\/div>\n\t\t\t\t\t\t<\/div>\n\t\t\t\t<\/div>\n\t\t\t\t\t<\/div>\n\t\t\t\t<\/div>\n\t\t\t\t<\/div>","protected":false},"excerpt":{"rendered":"<p>Tylko dla szk\u00f3d zaistnia\u0142ych na terytorium Polski. Aby wy\u015bwietli\u0107 korespondenta zagranicznego ubezpieczyciela wybierz z listy kraj ubezpieczyciela, a nast\u0119pnie wybierz jego nazw\u0119. Korespondent to nominowany przedstawiciel zagranicznego ubezpieczyciela, zatwierdzony przez biuro narodowe kraju zdarzenia, kt\u00f3rego zadaniem jest likwidacja szk\u00f3d powsta\u0142ych w kraju, w kt\u00f3rym jest ustanowiony, a spowodowanych przez kieruj\u0105cego posiadaj\u0105cego wa\u017cne ubezpieczenie OC zagranicznego [&hellip;]<\/p>\n","protected":false},"author":1,"featured_media":0,"parent":0,"menu_order":0,"comment_status":"closed","ping_status":"closed","template":"","meta":{"_acf_changed":false,"inline_featured_image":false,"footnotes":""},"class_list":["post-2508","page","type-page","status-publish","hentry"],"acf":[],"_links":{"self":[{"href":"https:\/\/pbuk.pl\/en\/wp-json\/wp\/v2\/pages\/2508","targetHints":{"allow":["GET"]}}],"collection":[{"href":"https:\/\/pbuk.pl\/en\/wp-json\/wp\/v2\/pages"}],"about":[{"href":"https:\/\/pbuk.pl\/en\/wp-json\/wp\/v2\/types\/page"}],"author":[{"embeddable":true,"href":"https:\/\/pbuk.pl\/en\/wp-json\/wp\/v2\/users\/1"}],"replies":[{"embeddable":true,"href":"https:\/\/pbuk.pl\/en\/wp-json\/wp\/v2\/comments?post=2508"}],"version-history":[{"count":12,"href":"https:\/\/pbuk.pl\/en\/wp-json\/wp\/v2\/pages\/2508\/revisions"}],"predecessor-version":[{"id":7231,"href":"https:\/\/pbuk.pl\/en\/wp-json\/wp\/v2\/pages\/2508\/revisions\/7231"}],"wp:attachment":[{"href":"https:\/\/pbuk.pl\/en\/wp-json\/wp\/v2\/media?parent=2508"}],"curies":[{"name":"wp","href":"https:\/\/api.w.org\/{rel}","templated":true}]}}