{"id":3136,"date":"2025-03-28T17:03:14","date_gmt":"2025-03-28T17:03:14","guid":{"rendered":"https:\/\/pbuk.pl\/?page_id=3136"},"modified":"2025-09-26T12:08:16","modified_gmt":"2025-09-26T10:08:16","slug":"lista-reprezentantow","status":"publish","type":"page","link":"https:\/\/pbuk.pl\/en\/lista-reprezentantow\/","title":{"rendered":"Lista reprezentant\u00f3w d\/s roszcze\u0144"},"content":{"rendered":"<div data-elementor-type=\"wp-page\" data-elementor-id=\"3136\" class=\"elementor elementor-3136\" data-elementor-post-type=\"page\">\n\t\t\t\t<div class=\"elementor-element elementor-element-56a9b1b e-flex e-con-boxed e-con e-parent\" data-id=\"56a9b1b\" data-element_type=\"container\" data-e-type=\"container\">\n\t\t\t\t\t<div class=\"e-con-inner\">\n\t\t\t\t<div class=\"elementor-element elementor-element-5a39e4c elementor-widget elementor-widget-text-editor\" data-id=\"5a39e4c\" data-element_type=\"widget\" data-e-type=\"widget\" data-widget_type=\"text-editor.default\">\n\t\t\t\t<div class=\"elementor-widget-container\">\n\t\t\t\t\t\t\t\t\t<p>Aby znale\u017a\u0107 <strong>claims representative<\/strong> wybierz z listy towarzystwo, w kt\u00f3rym <strong>sprawca<\/strong> zawar\u0142 umow\u0119 <strong>ubezpieczenia OC<\/strong>, a nast\u0119pnie <strong>kraj poszkodowanego<\/strong>.<\/p><p><strong>Reprezentant do spraw roszcze\u0144<\/strong> to pe\u0142nomocnik zak\u0142adu ubezpiecze\u0144 wykonuj\u0105cego na terytorium Rzeczypospolitej Polskiej lub innego pa\u0144stwa cz\u0142onkowskiego Unii Europejskiej dzia\u0142alno\u015b\u0107 w zakresie ubezpieczenia odpowiedzialno\u015bci cywilnej posiadaczy pojazd\u00f3w mechanicznych, z wyj\u0105tkiem odpowiedzialno\u015bci cywilnej przewo\u017anika, umocowany w pa\u0144stwie cz\u0142onkowskim Unii Europejskiej innym ni\u017c pa\u0144stwo siedziby zak\u0142adu ubezpiecze\u0144 zgodnie z prawem pa\u0144stwa, w kt\u00f3rym jest ustanowiony, co najmniej do dokonywania czynno\u015bci prawnych niezb\u0119dnych do wyp\u0142aty lub odmowy wyp\u0142aty odszkodowania w imieniu i na rachunek reprezentowanego zak\u0142adu ubezpiecze\u0144.<\/p>\t\t\t\t\t\t\t\t<\/div>\n\t\t\t\t<\/div>\n\t\t\t\t<div class=\"elementor-element elementor-element-80eba2d elementor-hidden-widescreen elementor-hidden-desktop elementor-hidden-laptop elementor-hidden-tablet elementor-hidden-mobile elementor-widget elementor-widget-heading\" data-id=\"80eba2d\" data-element_type=\"widget\" data-e-type=\"widget\" data-widget_type=\"heading.default\">\n\t\t\t\t<div class=\"elementor-widget-container\">\n\t\t\t\t\t<p class=\"elementor-heading-title elementor-size-default\">Wyszukiwarka dost\u0119pna wkr\u00f3tce.<\/p>\t\t\t\t<\/div>\n\t\t\t\t<\/div>\n\t\t\t\t<div class=\"elementor-element elementor-element-35042a6 elementor-widget elementor-widget-shortcode\" data-id=\"35042a6\" data-element_type=\"widget\" data-e-type=\"widget\" data-widget_type=\"shortcode.default\">\n\t\t\t\t<div class=\"elementor-widget-container\">\n\t\t\t\t\t\t\t<div class=\"elementor-shortcode\"><form action=\"\/en\/wp-json\/wp\/v2\/pages\/3136\" method=\"post\" enctype=\"multipart\/form-data\" onsubmit=\"return false;\" class=\"pbuk-form\" data-trp-original-action=\"\/en\/wp-json\/wp\/v2\/pages\/3136\">\r\n    <fieldset>\r\n        <legend>Znajd\u017a reprezentanta<\/legend>\r\n\r\n        <div class=\"control-group\">\r\n            <div class=\"controls\">\r\n                <label for=\"pbuk_select_towarzystwo\">Towarzystwo<\/label>\r\n                <select name=\"pbuk_select_towarzystwo\" id=\"pbuk_select_towarzystwo\" class=\"form-control\"><option value=\"0\">Wybierz towarzystwo<\/option>\n<option value=\"1\">01 - Towarzystwo Ubezpiecze\u0144 i Reasekuracji WARTA S.A.<\/option>\n<option value=\"2\">02 - Powszechny Zak\u0142ad Ubezpiecze\u0144 S.A.<\/option>\n<option value=\"4\">06 - COMPENSA Towarzystwo Ubezpiecze\u0144 S.A. Vienna Insurance Group<\/option>\n<option value=\"6\">08 - WIENER Towarzystwo Ubezpiecze\u0144 S.A. Vienna Insurance Group<\/option>\n<option value=\"7\">12 - Sopockie Towarzystwo Ubezpiecze\u0144 ERGO HESTIA S.A.<\/option>\n<option value=\"9\">16 - Towarzystwo Ubezpiecze\u0144 EUROPA S.A.<\/option>\n<option value=\"10\">22 - Towarzystwo Ubezpiecze\u0144 INTER Polska S.A.<\/option>\n<option value=\"13\">21 - PARTNER Towarzystwo Ubezpiecze\u0144 i Reasekuracji  S.A.<\/option>\n<option value=\"16\">24 - Towarzystwo Ubezpiecze\u0144 i Reasekuracji ALLIANZ POLSKA S.A.<\/option>\n<option value=\"20\">28 - GENERALI TU S.A<\/option>\n<option value=\"21\">26 - INTERRISK Towarzystwo Ubezpiecze\u0144 S.A. Vienna Insurance Group<\/option>\n<option value=\"22\">30 - LINK4 Towarzystwo Ubezpiecze\u0144 S.A.<\/option>\n<option value=\"25\">33 - SIGNAL IDUNA Polska TU S.A.<\/option>\n<option value=\"26\">34 - AGRO Ubezpieczenia - Towarzystwo Ubezpiecze\u0144 Wzajemnych<\/option>\n<option value=\"28\">36 - Towarzystwo Ubezpiecze\u0144 Wzajemnych TUW<\/option>\n<option value=\"29\">37 - TUZ Towarzystwo Ubezpiecze\u0144 Wzajemnych<\/option>\n<option value=\"40\">40 - UPS International Insurance Limited<\/option>\n<option value=\"49\">46 - UNIQA Towarzystwo Ubezpiecze\u0144 S.A.<\/option>\n<option value=\"52\">49 - \u201cBalcia Insurance\u201d SE<\/option>\n<option value=\"55\">52 - TVM verzekeringen N.V.<\/option>\n<option value=\"56\">53 - Euro Insurances DAC<\/option>\n<option value=\"59\">56 - Greenval Insurance Designated Activity Company<\/option>\n<option value=\"61\">58 - Towarzystwo Ubezpiecze\u0144 Wzajemnych Polski Zak\u0142ad Ubezpiecze\u0144 Wzajemnych<\/option>\n<option value=\"62\">59 - CREDIT AGRICOLE Towarzystwo Ubezpiecze\u0144 S.A.<\/option>\n<option value=\"64\">61 - Polski Gaz Towarzystwo Ubezpiecze\u0144 Wzajemnych<\/option>\n<option value=\"65\">62 - SOGESSUR SA<\/option>\n<option value=\"66\">63 - \u201cInsurance Company Euroins\u201d AD<\/option>\n<option value=\"68\">65 - MMA IARD (SA)<\/option>\n<option value=\"69\">66 - MMA IARD Assurances Mutuelles<\/option>\n<option value=\"70\">67 - LEV INS Insurance Company<\/option>\n<option value=\"71\">68 - PKO Towarzystwo Ubezpiecze\u0144 SA<\/option>\n<option value=\"72\">69 - wefox Insurance AG<\/option>\n<option value=\"73\">70 - Accredited Insurance (Europe) Ltd<\/option>\n<option value=\"74\">71 - Zavarovalnica Triglav, d.d.<\/option>\n<option value=\"75\">72 - Insurance Company DallBogg: Life and Health AD<\/option>\n<option value=\"76\">73 - Genertel S.p.A.<\/option><\/select>            <\/div>\r\n        <\/div>\r\n\r\n        <div class=\"control-group\">\r\n            <div class=\"controls\">\r\n                <label for=\"pbuk_select_kraj\">Country<\/label>\r\n                <select name=\"pbuk_select_kraj\" id=\"pbuk_select_kraj\" class=\"form-control\"><option value=\"0\">Wybierz kraj<\/option><\/select>            <\/div>\r\n        <\/div>\r\n    <\/fieldset>\r\n\r\n    <fieldset>\r\n        <legend>Dane reprezentanta<\/legend>\r\n\r\n        <div class=\"pbuk_div_brakrep\">\r\n            <div class=\"control-group\">\r\n                <div class=\"controls text-centered\">\r\n                    <p><strong>Brak reprezentanta<\/strong><\/p>\r\n                <\/div>\r\n            <\/div>\r\n        <\/div>\r\n\r\n        <div class=\"pbuk_div_danereprezentanta pbuk-form hidden\">\r\n        <!-- Rz\u0105d 1: Nazwa \/ Kod -->\r\n        <div class=\"pbuk-row pbuk-row-nazwa-kod\">\r\n            <div class=\"pbuk-col col-nazwa\">\r\n            <div class=\"pbuk-group\">\r\n                <label>Name<\/label>\r\n                <div id=\"pbuk_input_nazwa\" class=\"form-display\"><\/div>\r\n            <\/div>\r\n            <\/div>\r\n            <div class=\"pbuk-col col-kod\">\r\n            <div class=\"pbuk-group\">\r\n                <label>Code<\/label>\r\n                <div id=\"pbuk_input_kod\" class=\"form-display\"><\/div>\r\n            <\/div>\r\n            <\/div>\r\n        <\/div>\r\n\r\n        <!-- Rz\u0105d 2: Adres \/ Kontakt -->\r\n        <div class=\"pbuk-row pbuk-row-adres-kontakt\">\r\n            <div class=\"pbuk-col col-adres\">\r\n            <div class=\"pbuk-group\">\r\n                <label>Adres<\/label>\r\n                <div id=\"pbuk_input_adres\" class=\"form-display\"><\/div>\r\n            <\/div>\r\n            <\/div>\r\n            <div class=\"pbuk-col col-kontakt\">\r\n            <div class=\"pbuk-group\">\r\n                <label>Contact<\/label>\r\n                <div id=\"pbuk_input_kontakt\" class=\"form-display\"><\/div>\r\n            <\/div>\r\n            <\/div>\r\n        <\/div>\r\n        <\/div>\r\n\r\n    <\/fieldset>\r\n<input type=\"hidden\" name=\"trp-form-language\" value=\"en\"\/><\/form>\r\n<\/div>\n\t\t\t\t\t\t<\/div>\n\t\t\t\t<\/div>\n\t\t\t\t\t<\/div>\n\t\t\t\t<\/div>\n\t\t<a class=\"elementor-element elementor-element-8e3adf6 e-con-full e-flex e-con e-child\" data-id=\"8e3adf6\" data-element_type=\"container\" data-e-type=\"container\" data-settings=\"{&quot;background_background&quot;:&quot;classic&quot;}\" href=\"\/en\/in-case-of-accident\/in-case-of-accident-insurer-perpetrator\/\">\n\t\t<div class=\"elementor-element elementor-element-15301f1 e-con-full e-flex e-con e-child\" data-id=\"15301f1\" data-element_type=\"container\" data-e-type=\"container\" data-settings=\"{&quot;background_background&quot;:&quot;classic&quot;}\">\n\t\t\t\t<div class=\"elementor-element elementor-element-e8921d0 elementor-widget elementor-widget-spacer\" data-id=\"e8921d0\" data-element_type=\"widget\" data-e-type=\"widget\" data-widget_type=\"spacer.default\">\n\t\t\t\t<div class=\"elementor-widget-container\">\n\t\t\t\t\t\t\t<div class=\"elementor-spacer\">\n\t\t\t<div class=\"elementor-spacer-inner\"><\/div>\n\t\t<\/div>\n\t\t\t\t\t\t<\/div>\n\t\t\t\t<\/div>\n\t\t\t\t<\/div>\n\t\t<div class=\"elementor-element elementor-element-684d74c e-con-full e-flex e-con e-child\" data-id=\"684d74c\" data-element_type=\"container\" data-e-type=\"container\">\n\t\t\t\t<div class=\"elementor-element elementor-element-0d58c4d elementor-widget elementor-widget-heading\" data-id=\"0d58c4d\" data-element_type=\"widget\" data-e-type=\"widget\" data-widget_type=\"heading.default\">\n\t\t\t\t<div class=\"elementor-widget-container\">\n\t\t\t\t\t<h3 class=\"elementor-heading-title elementor-size-default\">UWAGA<\/h3>\t\t\t\t<\/div>\n\t\t\t\t<\/div>\n\t\t\t\t<div class=\"elementor-element elementor-element-4a0f378 elementor-widget__width-initial elementor-widget elementor-widget-text-editor\" data-id=\"4a0f378\" data-element_type=\"widget\" data-e-type=\"widget\" data-widget_type=\"text-editor.default\">\n\t\t\t\t<div class=\"elementor-widget-container\">\n\t\t\t\t\t\t\t\t\t<p>Aby znale\u017a\u0107 <strong>reprezentanta ds. roszcze\u0144 ustanowionego przez zagranicznego ubezpieczyciela<\/strong> on <strong>Polski<\/strong> nale\u017cy wype\u0142ni\u0107 odpowiedni <strong class=\"green\">Formularz zapytania<\/strong><\/p>\t\t\t\t\t\t\t\t<\/div>\n\t\t\t\t<\/div>\n\t\t\t\t<div class=\"elementor-element elementor-element-eb0846b elementor-absolute elementor-widget__width-auto elementor-view-default elementor-widget elementor-widget-icon\" data-id=\"eb0846b\" data-element_type=\"widget\" data-e-type=\"widget\" data-settings=\"{&quot;_position&quot;:&quot;absolute&quot;}\" data-widget_type=\"icon.default\">\n\t\t\t\t<div class=\"elementor-widget-container\">\n\t\t\t\t\t\t\t<div class=\"elementor-icon-wrapper\">\n\t\t\t<div class=\"elementor-icon elementor-animation-pulse\">\n\t\t\t<svg aria-hidden=\"true\" class=\"e-font-icon-svg e-fas-chevron-right\" viewbox=\"0 0 320 512\" xmlns=\"http:\/\/www.w3.org\/2000\/svg\"><path d=\"M285.476 272.971L91.132 467.314c-9.373 9.373-24.569 9.373-33.941 0l-22.667-22.667c-9.357-9.357-9.375-24.522-.04-33.901L188.505 256 34.484 101.255c-9.335-9.379-9.317-24.544.04-33.901l22.667-22.667c9.373-9.373 24.569-9.373 33.941 0L285.475 239.03c9.373 9.372 9.373 24.568.001 33.941z\"><\/path><\/svg>\t\t\t<\/div>\n\t\t<\/div>\n\t\t\t\t\t\t<\/div>\n\t\t\t\t<\/div>\n\t\t\t\t<\/div>\n\t\t\t\t<\/a>\n\t\t\t\t<\/div>","protected":false},"excerpt":{"rendered":"<p>Aby znale\u017a\u0107 reprezentanta ds. roszcze\u0144 wybierz z listy towarzystwo, w kt\u00f3rym sprawca zawar\u0142 umow\u0119 ubezpieczenia OC, a nast\u0119pnie kraj poszkodowanego. Reprezentant do spraw roszcze\u0144 to pe\u0142nomocnik zak\u0142adu ubezpiecze\u0144 wykonuj\u0105cego na terytorium Rzeczypospolitej Polskiej lub innego pa\u0144stwa cz\u0142onkowskiego Unii Europejskiej dzia\u0142alno\u015b\u0107 w zakresie ubezpieczenia odpowiedzialno\u015bci cywilnej posiadaczy pojazd\u00f3w mechanicznych, z wyj\u0105tkiem odpowiedzialno\u015bci cywilnej przewo\u017anika, umocowany w [&hellip;]<\/p>\n","protected":false},"author":1,"featured_media":0,"parent":0,"menu_order":0,"comment_status":"closed","ping_status":"closed","template":"","meta":{"_acf_changed":false,"inline_featured_image":false,"footnotes":""},"class_list":["post-3136","page","type-page","status-publish","hentry"],"acf":[],"_links":{"self":[{"href":"https:\/\/pbuk.pl\/en\/wp-json\/wp\/v2\/pages\/3136","targetHints":{"allow":["GET"]}}],"collection":[{"href":"https:\/\/pbuk.pl\/en\/wp-json\/wp\/v2\/pages"}],"about":[{"href":"https:\/\/pbuk.pl\/en\/wp-json\/wp\/v2\/types\/page"}],"author":[{"embeddable":true,"href":"https:\/\/pbuk.pl\/en\/wp-json\/wp\/v2\/users\/1"}],"replies":[{"embeddable":true,"href":"https:\/\/pbuk.pl\/en\/wp-json\/wp\/v2\/comments?post=3136"}],"version-history":[{"count":6,"href":"https:\/\/pbuk.pl\/en\/wp-json\/wp\/v2\/pages\/3136\/revisions"}],"predecessor-version":[{"id":7234,"href":"https:\/\/pbuk.pl\/en\/wp-json\/wp\/v2\/pages\/3136\/revisions\/7234"}],"wp:attachment":[{"href":"https:\/\/pbuk.pl\/en\/wp-json\/wp\/v2\/media?parent=3136"}],"curies":[{"name":"wp","href":"https:\/\/api.w.org\/{rel}","templated":true}]}}