{"id":562,"date":"2024-11-05T20:36:44","date_gmt":"2024-11-05T20:36:44","guid":{"rendered":"https:\/\/pbuk.pl\/?page_id=562"},"modified":"2025-10-15T20:42:25","modified_gmt":"2025-10-15T18:42:25","slug":"accidents-in-poland","status":"publish","type":"page","link":"https:\/\/pbuk.pl\/en\/postepowanie-w-razie-wypadku\/zdarzenia-w-polsce\/","title":{"rendered":"Accidents in Poland"},"content":{"rendered":"<div data-elementor-type=\"wp-page\" data-elementor-id=\"562\" class=\"elementor elementor-562\" data-elementor-post-type=\"page\">\n\t\t\t\t<div class=\"elementor-element elementor-element-2e6e735 e-flex e-con-boxed e-con e-parent\" data-id=\"2e6e735\" data-element_type=\"container\" data-e-type=\"container\">\n\t\t\t\t\t<div class=\"e-con-inner\">\n\t\t\t\t<div class=\"elementor-element elementor-element-84cc047 elementor-widget elementor-widget-template\" data-id=\"84cc047\" data-element_type=\"widget\" data-e-type=\"widget\" data-widget_type=\"template.default\">\n\t\t\t\t<div class=\"elementor-widget-container\">\n\t\t\t\t\t\t\t<div class=\"elementor-template\">\n\t\t\t\t\t<div data-elementor-type=\"container\" data-elementor-id=\"6345\" class=\"elementor elementor-6345\" data-elementor-post-type=\"elementor_library\">\n\t\t\t\t<div class=\"elementor-element elementor-element-5509023f e-flex e-con-boxed e-con e-parent\" data-id=\"5509023f\" data-element_type=\"container\" data-e-type=\"container\">\n\t\t\t\t\t<div class=\"e-con-inner\">\n\t\t\t\t<div class=\"elementor-element elementor-element-546da10b elementor-widget elementor-widget-shortcode\" data-id=\"546da10b\" data-element_type=\"widget\" data-e-type=\"widget\" data-widget_type=\"shortcode.default\">\n\t\t\t\t<div class=\"elementor-widget-container\">\n\t\t\t\t\t\t\t<div class=\"elementor-shortcode\"><nav class=\"pbuk-breadcrumbs\" aria-label=\"breadcrumb\" itemscope itemtype=\"https:\/\/schema.org\/BreadcrumbList\"><ul><li itemprop=\"itemListElement\" itemscope itemtype=\"https:\/\/schema.org\/ListItem\"><a itemprop=\"item\" href=\"https:\/\/pbuk.pl\/en\/\"><span itemprop=\"name\">Home<\/span><\/a><meta itemprop=\"position\" content=\"1\" \/><\/li><li class=\"sep\" aria-hidden=\"true\">><\/li><li itemprop=\"itemListElement\" itemscope itemtype=\"https:\/\/schema.org\/ListItem\"><span itemprop=\"name\">In case of accident<\/span><meta itemprop=\"position\" content=\"2\" \/><\/li><li class=\"sep\" aria-hidden=\"true\">><\/li><li itemprop=\"itemListElement\" itemscope itemtype=\"https:\/\/schema.org\/ListItem\"><span itemprop=\"name\">Accidents in Poland<\/span><meta itemprop=\"position\" content=\"3\" \/><\/li><\/ul><\/nav><\/div>\n\t\t\t\t\t\t<\/div>\n\t\t\t\t<\/div>\n\t\t\t\t\t<\/div>\n\t\t\t\t<\/div>\n\t\t\t\t<\/div>\n\t\t\t\t<\/div>\n\t\t\t\t\t\t<\/div>\n\t\t\t\t<\/div>\n\t\t\t\t\t<\/div>\n\t\t\t\t<\/div>\n\t\t<div class=\"elementor-element elementor-element-063b00d e-flex e-con-boxed e-con e-parent\" data-id=\"063b00d\" data-element_type=\"container\" data-e-type=\"container\" data-settings=\"{&quot;background_background&quot;:&quot;classic&quot;}\">\n\t\t\t\t\t<div class=\"e-con-inner\">\n\t\t<div class=\"elementor-element elementor-element-2764840 e-con-full e-flex e-con e-child\" data-id=\"2764840\" data-element_type=\"container\" data-e-type=\"container\">\n\t\t\t\t<div class=\"elementor-element elementor-element-6611dfd elementor-widget-divider--view-line elementor-widget elementor-widget-divider\" data-id=\"6611dfd\" data-element_type=\"widget\" data-e-type=\"widget\" data-widget_type=\"divider.default\">\n\t\t\t\t<div class=\"elementor-widget-container\">\n\t\t\t\t\t\t\t<div class=\"elementor-divider\">\n\t\t\t<span class=\"elementor-divider-separator\">\n\t\t\t\t\t\t<\/span>\n\t\t<\/div>\n\t\t\t\t\t\t<\/div>\n\t\t\t\t<\/div>\n\t\t\t\t<div class=\"elementor-element elementor-element-8645a47 elementor-widget elementor-widget-heading\" data-id=\"8645a47\" data-element_type=\"widget\" data-e-type=\"widget\" data-widget_type=\"heading.default\">\n\t\t\t\t<div class=\"elementor-widget-container\">\n\t\t\t\t\t<h3 class=\"elementor-heading-title elementor-size-default\"><h3>Procedure in case of accident in Poland involving a vehicle registered abroad.<\/h3>\n<\/h3>\t\t\t\t<\/div>\n\t\t\t\t<\/div>\n\t\t\t\t<\/div>\n\t\t<div class=\"elementor-element elementor-element-30f2276 e-con-full e-flex e-con e-child\" data-id=\"30f2276\" data-element_type=\"container\" data-e-type=\"container\">\n\t\t\t\t<div class=\"elementor-element elementor-element-6c6e945 elementor-widget elementor-widget-image\" data-id=\"6c6e945\" data-element_type=\"widget\" data-e-type=\"widget\" data-widget_type=\"image.default\">\n\t\t\t\t<div class=\"elementor-widget-container\">\n\t\t\t\t\t\t\t\t\t\t\t\t\t\t\t<img fetchpriority=\"high\" decoding=\"async\" width=\"800\" height=\"564\" src=\"https:\/\/pbuk.pl\/wp-content\/uploads\/2024\/11\/Mapa-EU-PL-tr.webp\" class=\"attachment-large size-large wp-image-1186\" alt=\"\" srcset=\"https:\/\/pbuk.pl\/wp-content\/uploads\/2024\/11\/Mapa-EU-PL-tr.webp 825w, https:\/\/pbuk.pl\/wp-content\/uploads\/2024\/11\/Mapa-EU-PL-tr-300x212.webp 300w, https:\/\/pbuk.pl\/wp-content\/uploads\/2024\/11\/Mapa-EU-PL-tr-768x542.webp 768w, https:\/\/pbuk.pl\/wp-content\/uploads\/2024\/11\/Mapa-EU-PL-tr-18x12.webp 18w\" sizes=\"(max-width: 800px) 100vw, 800px\" \/>\t\t\t\t\t\t\t\t\t\t\t\t\t\t\t<\/div>\n\t\t\t\t<\/div>\n\t\t\t\t<\/div>\n\t\t\t\t\t<\/div>\n\t\t\t\t<\/div>\n\t\t<div class=\"elementor-element elementor-element-63591e7 e-flex e-con-boxed e-con e-parent\" data-id=\"63591e7\" data-element_type=\"container\" data-e-type=\"container\">\n\t\t\t\t\t<div class=\"e-con-inner\">\n\t\t<div class=\"elementor-element elementor-element-f8ac5dd e-con-full e-flex e-con e-child\" data-id=\"f8ac5dd\" data-element_type=\"container\" data-e-type=\"container\">\n\t\t\t\t<div class=\"elementor-element elementor-element-69aa311 elementor-widget elementor-widget-template\" data-id=\"69aa311\" data-element_type=\"widget\" data-e-type=\"widget\" data-widget_type=\"template.default\">\n\t\t\t\t<div class=\"elementor-widget-container\">\n\t\t\t\t\t\t\t<div class=\"elementor-template\">\n\t\t\t\t\t<div data-elementor-type=\"container\" data-elementor-id=\"6152\" class=\"elementor elementor-6152\" data-elementor-post-type=\"elementor_library\">\n\t\t\t\t<div class=\"elementor-element elementor-element-383e1903 e-con-full e-flex e-con e-child\" data-id=\"383e1903\" data-element_type=\"container\" data-e-type=\"container\">\n\t\t\t\t<div class=\"elementor-element elementor-element-c439cd6 elementor-position-left elementor-vertical-align-middle elementor-widget elementor-widget-image-box\" data-id=\"c439cd6\" data-element_type=\"widget\" data-e-type=\"widget\" data-widget_type=\"image-box.default\">\n\t\t\t\t<div class=\"elementor-widget-container\">\n\t\t\t\t\t<div class=\"elementor-image-box-wrapper\"><figure class=\"elementor-image-box-img\"><img decoding=\"async\" width=\"320\" height=\"320\" src=\"https:\/\/pbuk.pl\/wp-content\/uploads\/2024\/11\/zadania-icon.webp\" class=\"attachment-full size-full wp-image-756\" alt=\"\" srcset=\"https:\/\/pbuk.pl\/wp-content\/uploads\/2024\/11\/zadania-icon.webp 320w, https:\/\/pbuk.pl\/wp-content\/uploads\/2024\/11\/zadania-icon-300x300.webp 300w, https:\/\/pbuk.pl\/wp-content\/uploads\/2024\/11\/zadania-icon-150x150.webp 150w, https:\/\/pbuk.pl\/wp-content\/uploads\/2024\/11\/zadania-icon-12x12.webp 12w\" sizes=\"(max-width: 320px) 100vw, 320px\" \/><\/figure><div class=\"elementor-image-box-content\"><h2 class=\"elementor-image-box-title\">In case of accident<\/h2><\/div><\/div>\t\t\t\t<\/div>\n\t\t\t\t<\/div>\n\t\t\t\t<div class=\"elementor-element elementor-element-1f4da8bf elementor-nav-menu--dropdown-none elementor-widget elementor-widget-nav-menu\" data-id=\"1f4da8bf\" data-element_type=\"widget\" data-e-type=\"widget\" data-settings=\"{&quot;layout&quot;:&quot;vertical&quot;,&quot;submenu_icon&quot;:{&quot;value&quot;:&quot;&lt;svg aria-hidden=\\&quot;true\\&quot; class=\\&quot;e-font-icon-svg e-fas-caret-down\\&quot; viewBox=\\&quot;0 0 320 512\\&quot; xmlns=\\&quot;http:\\\/\\\/www.w3.org\\\/2000\\\/svg\\&quot;&gt;&lt;path d=\\&quot;M31.3 192h257.3c17.8 0 26.7 21.5 14.1 34.1L174.1 354.8c-7.8 7.8-20.5 7.8-28.3 0L17.2 226.1C4.6 213.5 13.5 192 31.3 192z\\&quot;&gt;&lt;\\\/path&gt;&lt;\\\/svg&gt;&quot;,&quot;library&quot;:&quot;fa-solid&quot;}}\" data-widget_type=\"nav-menu.default\">\n\t\t\t\t<div class=\"elementor-widget-container\">\n\t\t\t\t\t\t\t\t<nav aria-label=\"Menu\" class=\"elementor-nav-menu--main elementor-nav-menu__container elementor-nav-menu--layout-vertical e--pointer-text e--animation-none\">\n\t\t\t\t<ul id=\"menu-1-1f4da8bf\" class=\"elementor-nav-menu sm-vertical\"><li class=\"menu-item menu-item-type-post_type menu-item-object-page menu-item-568\"><a href=\"https:\/\/pbuk.pl\/en\/postepowanie-w-razie-wypadku\/wspolne-zgloszenie-szkody\/\" class=\"elementor-item\">Accident statement form<\/a><\/li>\n<li class=\"menu-item menu-item-type-post_type menu-item-object-page menu-item-570\"><a href=\"https:\/\/pbuk.pl\/en\/postepowanie-w-razie-wypadku\/zdarzenia-w-polsce\/\" class=\"elementor-item\">Accidents in Poland<\/a><\/li>\n<li class=\"menu-item menu-item-type-post_type menu-item-object-page menu-item-569\"><a href=\"https:\/\/pbuk.pl\/en\/postepowanie-w-razie-wypadku\/zdarzenia-za-granica\/\" class=\"elementor-item\">Accidents abroad<\/a><\/li>\n<\/ul>\t\t\t<\/nav>\n\t\t\t\t\t\t<nav class=\"elementor-nav-menu--dropdown elementor-nav-menu__container\" aria-hidden=\"true\">\n\t\t\t\t<ul id=\"menu-2-1f4da8bf\" class=\"elementor-nav-menu sm-vertical\"><li class=\"menu-item menu-item-type-post_type menu-item-object-page menu-item-568\"><a href=\"https:\/\/pbuk.pl\/en\/postepowanie-w-razie-wypadku\/wspolne-zgloszenie-szkody\/\" class=\"elementor-item\" tabindex=\"-1\">Accident statement form<\/a><\/li>\n<li class=\"menu-item menu-item-type-post_type menu-item-object-page menu-item-570\"><a href=\"https:\/\/pbuk.pl\/en\/postepowanie-w-razie-wypadku\/zdarzenia-w-polsce\/\" class=\"elementor-item\" tabindex=\"-1\">Accidents in Poland<\/a><\/li>\n<li class=\"menu-item menu-item-type-post_type menu-item-object-page menu-item-569\"><a href=\"https:\/\/pbuk.pl\/en\/postepowanie-w-razie-wypadku\/zdarzenia-za-granica\/\" class=\"elementor-item\" tabindex=\"-1\">Accidents abroad<\/a><\/li>\n<\/ul>\t\t\t<\/nav>\n\t\t\t\t\t\t<\/div>\n\t\t\t\t<\/div>\n\t\t\t\t<\/div>\n\t\t\t\t<\/div>\n\t\t\t\t<\/div>\n\t\t\t\t\t\t<\/div>\n\t\t\t\t<\/div>\n\t\t\t\t<\/div>\n\t\t<div class=\"elementor-element elementor-element-5e57ff8 e-con-full content e-flex e-con e-child\" data-id=\"5e57ff8\" data-element_type=\"container\" data-e-type=\"container\">\n\t\t\t\t<div class=\"elementor-element elementor-element-289be89 elementor-widget elementor-widget-n-accordion\" data-id=\"289be89\" data-element_type=\"widget\" data-e-type=\"widget\" data-settings=\"{&quot;default_state&quot;:&quot;all_collapsed&quot;,&quot;max_items_expended&quot;:&quot;multiple&quot;,&quot;n_accordion_animation_duration&quot;:{&quot;unit&quot;:&quot;ms&quot;,&quot;size&quot;:400,&quot;sizes&quot;:[]}}\" data-widget_type=\"nested-accordion.default\">\n\t\t\t\t<div class=\"elementor-widget-container\">\n\t\t\t\t\t\t\t<div class=\"e-n-accordion\" aria-label=\"Accordion. Open links with Enter or Space, close with Escape, and navigate with Arrow Keys.\">\n\t\t\t\t\t\t<details id=\"e-n-accordion-item-4250\" class=\"e-n-accordion-item\" >\n\t\t\t\t<summary class=\"e-n-accordion-item-title\" data-accordion-index=\"1\" tabindex=\"0\" aria-expanded=\"false\" aria-controls=\"e-n-accordion-item-4250\" >\n\t\t\t\t\t<span class='e-n-accordion-item-title-header'><div class=\"e-n-accordion-item-title-text\"> Incident involving a vehicle registered <b>on<\/b> <a href=\"#\" class=\"pbuk-popup-link\" data-popup-type=\"EOG\" data-toggle=\"modal\" data-target=\"#pbukPopup\">EEA countries<\/a>, Andorra, Bosnia and Herzegovina, Montenegro, Serbia, Switzerland and the United Kingdom, for which Poland applies <b>third party liability policy issued in the country of registration of the vehicle<\/b> <\/div><\/span>\n\t\t\t\t\t\t\t<span class='e-n-accordion-item-title-icon'>\n\t\t\t<span class='e-opened' ><svg aria-hidden=\"true\" class=\"e-font-icon-svg e-fas-minus\" viewbox=\"0 0 448 512\" xmlns=\"http:\/\/www.w3.org\/2000\/svg\"><path d=\"M416 208H32c-17.67 0-32 14.33-32 32v32c0 17.67 14.33 32 32 32h384c17.67 0 32-14.33 32-32v-32c0-17.67-14.33-32-32-32z\"><\/path><\/svg><\/span>\n\t\t\t<span class='e-closed'><svg aria-hidden=\"true\" class=\"e-font-icon-svg e-fas-plus\" viewbox=\"0 0 448 512\" xmlns=\"http:\/\/www.w3.org\/2000\/svg\"><path d=\"M416 208H272V64c0-17.67-14.33-32-32-32h-32c-17.67 0-32 14.33-32 32v144H32c-17.67 0-32 14.33-32 32v32c0 17.67 14.33 32 32 32h144v144c0 17.67 14.33 32 32 32h32c17.67 0 32-14.33 32-32V304h144c17.67 0 32-14.33 32-32v-32c0-17.67-14.33-32-32-32z\"><\/path><\/svg><\/span>\n\t\t<\/span>\n\n\t\t\t\t\t\t<\/summary>\n\t\t\t\t<div role=\"region\" aria-labelledby=\"e-n-accordion-item-4250\" class=\"elementor-element elementor-element-2abe1b8 e-con-full e-flex e-con e-child\" data-id=\"2abe1b8\" data-element_type=\"container\" data-e-type=\"container\">\n\t\t\t\t<div class=\"elementor-element elementor-element-d96b278 elementor-widget elementor-widget-text-editor\" data-id=\"d96b278\" data-element_type=\"widget\" data-e-type=\"widget\" data-widget_type=\"text-editor.default\">\n\t\t\t\t<div class=\"elementor-widget-container\">\n\t\t\t\t\t\t\t\t\t<p>Drivers of vehicles registered in countries <a href=\"#\" class=\"pbuk-popup-link\" data-popup-type=\"EOG\" data-toggle=\"modal\" data-target=\"#pbukPopup\">EEA countries<\/a>, Andorra, Bosnia and Herzegovina, Montenegro, Serbia, Switzerland and the United Kingdom are not required to carry proof of a third-party insurance contract.<\/p><p>In the event of a collision or accident, take down the registration number and make of the vehicle of the perpetrator of the damage and, if possible, take a photograph of the registration plates of that vehicle and a photograph of the policy (if the driver has it with him), write down its number and the name of the insurer. If the police did not intervene at the scene of the accident, make a statement with the perpetrator of the accident about the circumstances of the accident (download a copy of the joint statement of damage <a href=\"\/en\/in-case-of-accident\/accident-statement-form\/\">here<\/a>).<\/p><p><strong><em>If you know the name of the insurer<\/em><\/strong><\/p><p>If you know with which insurance company the perpetrator's vehicle is insured, you can check on your own whether this company has a representative (the so-called correspondent) in Poland and check with the <a href=\"\/en\/lista-korespondentow\/\">search engine for correspondents<\/a>where to report a loss.<\/p><p>If you find the name of a foreign company in the search engine of correspondents, but the message \"No correspondent meeting the above criteria was found\" appears, you should contact PZU S.A. or TUiR Warta S.A. and report a loss in one of these insurance undertakings, asking for acceptance of a loss report as an agent of PBUK. It deals with the settlement of claims on behalf of the PBUK in a situation where the insurer of the foreign company does not have its representative (the so-called correspondent) in Poland.<\/p><p><strong><em>If you do not know the name of the insurer<\/em><\/strong><\/p><p>If you do not know with which insurance company the perpetrator's vehicle is insured, contact PZU S.A. or TUiR Warta S.A. and report the damage to one of these insurance companies, indicating the registration number and country of registration of the perpetrator's vehicle (important: it is the licence plate that counts, not the nationality or nationality of the driver). Under agreements concluded with PBUK, these companies will carry out an examination and valuation of the damage to your vehicle and notify us of the damage, and we will then make arrangements with the third-party insurer of the perpetrator's vehicle.<\/p><p>You will receive the result of the findings concerning the insurer, together with information on which company to contact regarding further handling of the claim, either directly from us or from PZU S.A. or TUiR WARTA S.A.<\/p>\t\t\t\t\t\t\t\t<\/div>\n\t\t\t\t<\/div>\n\t\t\t\t<\/div>\n\t\t\t\t\t<\/details>\n\t\t\t\t\t\t<details id=\"e-n-accordion-item-4251\" class=\"e-n-accordion-item\" >\n\t\t\t\t<summary class=\"e-n-accordion-item-title\" data-accordion-index=\"2\" tabindex=\"-1\" aria-expanded=\"false\" aria-controls=\"e-n-accordion-item-4251\" >\n\t\t\t\t\t<span class='e-n-accordion-item-title-header'><div class=\"e-n-accordion-item-title-text\"> Incident involving a vehicle registered <b>in a country other than the States<\/b> <a href=\"#\" class=\"pbuk-popup-link\" data-popup-type=\"EOG\" data-toggle=\"modal\" data-target=\"#pbukPopup\">EEA countries<\/a>, Andorra, Bosnia and Herzegovina, Montenegro, Serbia, Switzerland and the United Kingdom, for which it is valid in Poland <b>Green Card<\/b> <\/div><\/span>\n\t\t\t\t\t\t\t<span class='e-n-accordion-item-title-icon'>\n\t\t\t<span class='e-opened' ><svg aria-hidden=\"true\" class=\"e-font-icon-svg e-fas-minus\" viewbox=\"0 0 448 512\" xmlns=\"http:\/\/www.w3.org\/2000\/svg\"><path d=\"M416 208H32c-17.67 0-32 14.33-32 32v32c0 17.67 14.33 32 32 32h384c17.67 0 32-14.33 32-32v-32c0-17.67-14.33-32-32-32z\"><\/path><\/svg><\/span>\n\t\t\t<span class='e-closed'><svg aria-hidden=\"true\" class=\"e-font-icon-svg e-fas-plus\" viewbox=\"0 0 448 512\" xmlns=\"http:\/\/www.w3.org\/2000\/svg\"><path d=\"M416 208H272V64c0-17.67-14.33-32-32-32h-32c-17.67 0-32 14.33-32 32v144H32c-17.67 0-32 14.33-32 32v32c0 17.67 14.33 32 32 32h144v144c0 17.67 14.33 32 32 32h32c17.67 0 32-14.33 32-32V304h144c17.67 0 32-14.33 32-32v-32c0-17.67-14.33-32-32-32z\"><\/path><\/svg><\/span>\n\t\t<\/span>\n\n\t\t\t\t\t\t<\/summary>\n\t\t\t\t<div role=\"region\" aria-labelledby=\"e-n-accordion-item-4251\" class=\"elementor-element elementor-element-32f1056 e-con-full e-flex e-con e-child\" data-id=\"32f1056\" data-element_type=\"container\" data-e-type=\"container\">\n\t\t\t\t<div class=\"elementor-element elementor-element-f1be875 elementor-widget elementor-widget-text-editor\" data-id=\"f1be875\" data-element_type=\"widget\" data-e-type=\"widget\" data-widget_type=\"text-editor.default\">\n\t\t\t\t<div class=\"elementor-widget-container\">\n\t\t\t\t\t\t\t\t\t<p>Drivers of vehicles registered in countries other than the countries of <a href=\"#\" class=\"pbuk-popup-link\" data-popup-type=\"EOG\" data-toggle=\"modal\" data-target=\"#pbukPopup\">EEA countries<\/a>, Andorra, Bosnia and Herzegovina, Montenegro, Serbia, Switzerland and the United Kingdom <strong>are required to\u00a0<\/strong>carry a document proving that they have taken out insurance, known as a \"certificate of insurance\". <a href=\"\/en\/motor-third-party-liability\/green-card\/\">Green Card<\/a>.<\/p><p>In the event of a collision or accident (if possible), write down the registration number (box 5 on the Green Card) and make of the vehicle of the perpetrator of the damage (box 7 on the Green Card) and take a picture of the licence plate and a picture of the <a href=\"\/en\/motor-third-party-liability\/green-card\/\">Green Card<\/a>and write down its number (in the top right-hand corner starting with the country code, box no. 4 on the Green Card) and the name of the insurer (box no. 10 on the Green Card).<\/p><p>If the police did not intervene at the scene, make a statement with the perpetrator about the circumstances of the incident (download a copy of the joint loss report form <a href=\"\/en\/in-case-of-accident\/accident-statement-form\/\">here<\/a>).<\/p><p><strong><em>If you know the name of the insurer<\/em><\/strong><\/p><p>If you know which company the offender's vehicle is insured with, check with the <a href=\"\/en\/lista-korespondentow\/\">search engine for correspondents<\/a>whether the company in question has a correspondent in Poland. If so, report the loss to the correspondent.<\/p><p>If you find the name of a foreign company in the search engine of correspondents, but the message \"No correspondent meeting the above criteria was found\" appears, contact PZU S.A. or TUiR Warta S.A. and report a loss in one of these insurance undertakings, asking for acceptance of a loss report in the capacity of PBUK Agent. It deals with the settlement of claims on behalf of PBUK in a situation where the insurer of the foreign company does not have a representative (the so-called correspondent) in Poland.<\/p><p><strong><em>If you do not know the name of the insurer<\/em><\/strong><\/p><p>If you do not know which insurance company the offender's vehicle is insured with, please contact us by completing the form available at <a href=\"\/en\/in-case-of-accident\/enquiry-about-the-perpetrators-insurer-poland\/\">here<\/a>.<\/p><p>Our Office will make arrangements for the insurer who issued the Green Card document and once established, you will be advised where to report the claim.<\/p>\t\t\t\t\t\t\t\t<\/div>\n\t\t\t\t<\/div>\n\t\t\t\t<\/div>\n\t\t\t\t\t<\/details>\n\t\t\t\t\t\t<details id=\"e-n-accordion-item-4252\" class=\"e-n-accordion-item\" >\n\t\t\t\t<summary class=\"e-n-accordion-item-title\" data-accordion-index=\"3\" tabindex=\"-1\" aria-expanded=\"false\" aria-controls=\"e-n-accordion-item-4252\" >\n\t\t\t\t\t<span class='e-n-accordion-item-title-header'><div class=\"e-n-accordion-item-title-text\"> An incident involving a vehicle the driver of which was in possession of <b>border insurance<\/b> <\/div><\/span>\n\t\t\t\t\t\t\t<span class='e-n-accordion-item-title-icon'>\n\t\t\t<span class='e-opened' ><svg aria-hidden=\"true\" class=\"e-font-icon-svg e-fas-minus\" viewbox=\"0 0 448 512\" xmlns=\"http:\/\/www.w3.org\/2000\/svg\"><path d=\"M416 208H32c-17.67 0-32 14.33-32 32v32c0 17.67 14.33 32 32 32h384c17.67 0 32-14.33 32-32v-32c0-17.67-14.33-32-32-32z\"><\/path><\/svg><\/span>\n\t\t\t<span class='e-closed'><svg aria-hidden=\"true\" class=\"e-font-icon-svg e-fas-plus\" viewbox=\"0 0 448 512\" xmlns=\"http:\/\/www.w3.org\/2000\/svg\"><path d=\"M416 208H272V64c0-17.67-14.33-32-32-32h-32c-17.67 0-32 14.33-32 32v144H32c-17.67 0-32 14.33-32 32v32c0 17.67 14.33 32 32 32h144v144c0 17.67 14.33 32 32 32h32c17.67 0 32-14.33 32-32V304h144c17.67 0 32-14.33 32-32v-32c0-17.67-14.33-32-32-32z\"><\/path><\/svg><\/span>\n\t\t<\/span>\n\n\t\t\t\t\t\t<\/summary>\n\t\t\t\t<div role=\"region\" aria-labelledby=\"e-n-accordion-item-4252\" class=\"elementor-element elementor-element-d4bc9db e-con-full e-flex e-con e-child\" data-id=\"d4bc9db\" data-element_type=\"container\" data-e-type=\"container\">\n\t\t\t\t<div class=\"elementor-element elementor-element-4634aeb elementor-widget elementor-widget-text-editor\" data-id=\"4634aeb\" data-element_type=\"widget\" data-e-type=\"widget\" data-widget_type=\"text-editor.default\">\n\t\t\t\t<div class=\"elementor-widget-container\">\n\t\t\t\t\t\t\t\t\t<p>You can check for yourself on the UFG website which company the perpetrator's vehicle holder had border insurance with by clicking on <a href=\"https:\/\/www.ufg.pl\/\">here<\/a>. To report a claim, contact the insurance company, which you will find on the UFG website.<\/p><p>If the border insurance is not valid at the time of the accident, the loss must be reported to the Insurance Guarantee Fund through any insurance company carrying out third party motor vehicle liability insurance.<\/p><p>If the police did not intervene at the scene, make a statement with the perpetrator about the circumstances of the incident (download a copy of the joint loss report form <a href=\"\/en\/in-case-of-accident\/accident-statement-form\/\">here<\/a>).<\/p><p><strong><em>If you know the name of the insurer<\/em><\/strong><\/p><p>If you know which company the offender's vehicle is insured with, check with the <a href=\"\/en\/lista-korespondentow\/\">search engine for correspondents<\/a>whether the company in question has a correspondent in Poland. If so, report the loss to the correspondent.<\/p><p>If you find the name of a foreign company in the search engine of correspondents, but the message \"No correspondent meeting the above criteria was found\" appears, contact PZU S.A. or TUiR Warta S.A. and report a loss in one of these insurance undertakings, asking for acceptance of a loss report in the capacity of PBUK Agent. It deals with the settlement of claims on behalf of PBUK in a situation where the insurer of the foreign company does not have a representative (the so-called correspondent) in Poland.<\/p><p><strong><em>If you do not know the name of the insurer<\/em><\/strong><\/p><p>If you do not know which insurance company the offender's vehicle is insured with, please contact us by completing the form available at <a href=\"\/en\/in-case-of-accident\/enquiry-about-the-perpetrators-insurer-poland\/\">here<\/a>.<\/p><p>Our Office will make arrangements for the insurer who issued the Green Card document and once established, you will be advised where to report the claim.<\/p>\t\t\t\t\t\t\t\t<\/div>\n\t\t\t\t<\/div>\n\t\t\t\t<\/div>\n\t\t\t\t\t<\/details>\n\t\t\t\t\t<\/div>\n\t\t\t\t\t\t<\/div>\n\t\t\t\t<\/div>\n\t\t\t\t<\/div>\n\t\t\t\t\t<\/div>\n\t\t\t\t<\/div>\n\t\t\t\t<\/div>","protected":false},"excerpt":{"rendered":"<p>Zdarzenie z udzia\u0142em pojazdu zarejestrowanego na terenie , Andory, Bo\u015bni i Hercegowiny, Czarnog\u00f3ry, Serbii, Szwajcarii i Wielkiej Brytanii, dla kt\u00f3rego obowi\u0105zuje w Polsce polisa OC wystawiona w kraju rejestracji pojazdu Kieruj\u0105cy pojazdami zarejestrowanymi w pa\u0144stwach EOG, Andory, Bo\u015bni i Hercegowiny, Czarnog\u00f3ry, Serbii, Szwajcarii i Wielkiej Brytanii nie maj\u0105 obowi\u0105zku posiadania przy sobie dokumentu potwierdzaj\u0105cego zawarcie [&hellip;]<\/p>\n","protected":false},"author":1,"featured_media":1186,"parent":560,"menu_order":0,"comment_status":"closed","ping_status":"closed","template":"","meta":{"_acf_changed":false,"inline_featured_image":false,"footnotes":""},"class_list":["post-562","page","type-page","status-publish","has-post-thumbnail","hentry"],"acf":[],"_links":{"self":[{"href":"https:\/\/pbuk.pl\/en\/wp-json\/wp\/v2\/pages\/562","targetHints":{"allow":["GET"]}}],"collection":[{"href":"https:\/\/pbuk.pl\/en\/wp-json\/wp\/v2\/pages"}],"about":[{"href":"https:\/\/pbuk.pl\/en\/wp-json\/wp\/v2\/types\/page"}],"author":[{"embeddable":true,"href":"https:\/\/pbuk.pl\/en\/wp-json\/wp\/v2\/users\/1"}],"replies":[{"embeddable":true,"href":"https:\/\/pbuk.pl\/en\/wp-json\/wp\/v2\/comments?post=562"}],"version-history":[{"count":21,"href":"https:\/\/pbuk.pl\/en\/wp-json\/wp\/v2\/pages\/562\/revisions"}],"predecessor-version":[{"id":7644,"href":"https:\/\/pbuk.pl\/en\/wp-json\/wp\/v2\/pages\/562\/revisions\/7644"}],"up":[{"embeddable":true,"href":"https:\/\/pbuk.pl\/en\/wp-json\/wp\/v2\/pages\/560"}],"wp:featuredmedia":[{"embeddable":true,"href":"https:\/\/pbuk.pl\/en\/wp-json\/wp\/v2\/media\/1186"}],"wp:attachment":[{"href":"https:\/\/pbuk.pl\/en\/wp-json\/wp\/v2\/media?parent=562"}],"curies":[{"name":"wp","href":"https:\/\/api.w.org\/{rel}","templated":true}]}}