{"id":859,"date":"2024-11-06T14:33:34","date_gmt":"2024-11-06T14:33:34","guid":{"rendered":"https:\/\/pbuk.pl\/?page_id=859"},"modified":"2026-01-09T14:06:54","modified_gmt":"2026-01-09T12:06:54","slug":"assignments","status":"publish","type":"page","link":"https:\/\/pbuk.pl\/en\/o-nas\/zadania\/","title":{"rendered":"Assignments"},"content":{"rendered":"<div data-elementor-type=\"wp-page\" data-elementor-id=\"859\" class=\"elementor elementor-859\" data-elementor-post-type=\"page\">\n\t\t\t\t<div class=\"elementor-element elementor-element-01bc334 e-flex e-con-boxed e-con e-parent\" data-id=\"01bc334\" data-element_type=\"container\" data-e-type=\"container\">\n\t\t\t\t\t<div class=\"e-con-inner\">\n\t\t\t\t<div class=\"elementor-element elementor-element-d0d5642 elementor-widget elementor-widget-shortcode\" data-id=\"d0d5642\" data-element_type=\"widget\" data-e-type=\"widget\" data-widget_type=\"shortcode.default\">\n\t\t\t\t<div class=\"elementor-widget-container\">\n\t\t\t\t\t\t\t<div class=\"elementor-shortcode\"><nav class=\"pbuk-breadcrumbs\" aria-label=\"breadcrumb\" itemscope itemtype=\"https:\/\/schema.org\/BreadcrumbList\"><ul><li itemprop=\"itemListElement\" itemscope itemtype=\"https:\/\/schema.org\/ListItem\"><a itemprop=\"item\" href=\"https:\/\/pbuk.pl\/en\/\"><span itemprop=\"name\">Home<\/span><\/a><meta itemprop=\"position\" content=\"1\" \/><\/li><li class=\"sep\" aria-hidden=\"true\">><\/li><li itemprop=\"itemListElement\" itemscope itemtype=\"https:\/\/schema.org\/ListItem\"><span itemprop=\"name\">About Us<\/span><meta itemprop=\"position\" content=\"2\" \/><\/li><li class=\"sep\" aria-hidden=\"true\">><\/li><li itemprop=\"itemListElement\" itemscope itemtype=\"https:\/\/schema.org\/ListItem\"><span itemprop=\"name\">Assignments<\/span><meta itemprop=\"position\" content=\"3\" \/><\/li><\/ul><\/nav><\/div>\n\t\t\t\t\t\t<\/div>\n\t\t\t\t<\/div>\n\t\t\t\t\t<\/div>\n\t\t\t\t<\/div>\n\t\t<div class=\"elementor-element elementor-element-4ebcde1 e-con-full e-flex e-con e-parent\" data-id=\"4ebcde1\" data-element_type=\"container\" data-e-type=\"container\" data-settings=\"{&quot;background_background&quot;:&quot;classic&quot;}\">\n\t\t\t\t<div class=\"elementor-element elementor-element-ec63d36 elementor-widget__width-inherit elementor-widget elementor-widget-template\" data-id=\"ec63d36\" data-element_type=\"widget\" data-e-type=\"widget\" data-widget_type=\"template.default\">\n\t\t\t\t<div class=\"elementor-widget-container\">\n\t\t\t\t\t\t\t<div class=\"elementor-template\">\n\t\t\t\t\t<div data-elementor-type=\"container\" data-elementor-id=\"2923\" class=\"elementor elementor-2923\" data-elementor-post-type=\"elementor_library\">\n\t\t\t\t<div class=\"elementor-element elementor-element-7dcce95a e-flex e-con-boxed e-con e-parent\" data-id=\"7dcce95a\" data-element_type=\"container\" data-e-type=\"container\" data-settings=\"{&quot;background_background&quot;:&quot;classic&quot;}\">\n\t\t\t\t\t<div class=\"e-con-inner\">\n\t\t<div class=\"elementor-element elementor-element-559f22d7 e-con-full e-flex e-con e-child\" data-id=\"559f22d7\" data-element_type=\"container\" data-e-type=\"container\">\n\t\t\t\t<div class=\"elementor-element elementor-element-7dfb7226 elementor-widget-divider--view-line elementor-widget elementor-widget-divider\" data-id=\"7dfb7226\" data-element_type=\"widget\" data-e-type=\"widget\" data-widget_type=\"divider.default\">\n\t\t\t\t<div class=\"elementor-widget-container\">\n\t\t\t\t\t\t\t<div class=\"elementor-divider\">\n\t\t\t<span class=\"elementor-divider-separator\">\n\t\t\t\t\t\t<\/span>\n\t\t<\/div>\n\t\t\t\t\t\t<\/div>\n\t\t\t\t<\/div>\n\t\t\t\t<div class=\"elementor-element elementor-element-3f05dc4c elementor-widget elementor-widget-heading\" data-id=\"3f05dc4c\" data-element_type=\"widget\" data-e-type=\"widget\" data-widget_type=\"heading.default\">\n\t\t\t\t<div class=\"elementor-widget-container\">\n\t\t\t\t\t<h3 class=\"elementor-heading-title elementor-size-default\"><p>What assignments does the Polish Motor Insurers\u2019 Bureau perform?<\/p>\n<\/h3>\t\t\t\t<\/div>\n\t\t\t\t<\/div>\n\t\t\t\t<\/div>\n\t\t<div class=\"elementor-element elementor-element-e527849 e-con-full e-flex e-con e-child\" data-id=\"e527849\" data-element_type=\"container\" data-e-type=\"container\">\n\t\t\t\t<div class=\"elementor-element elementor-element-65ae5023 elementor-widget elementor-widget-image\" data-id=\"65ae5023\" data-element_type=\"widget\" data-e-type=\"widget\" data-no-translation=\"\" data-widget_type=\"image.default\">\n\t\t\t\t<div class=\"elementor-widget-container\">\n\t\t\t\t\t<style>.elementor-element-65ae5023{display:none !important}<\/style>\t\t\t\t<\/div>\n\t\t\t\t<\/div>\n\t\t\t\t<div class=\"elementor-element elementor-element-4296bf6 elementor-widget elementor-widget-image\" data-id=\"4296bf6\" data-element_type=\"widget\" data-e-type=\"widget\" data-no-translation=\"\" data-widget_type=\"image.default\">\n\t\t\t\t<div class=\"elementor-widget-container\">\n\t\t\t\t\t\t\t\t\t\t\t\t\t\t\t<img fetchpriority=\"high\" decoding=\"async\" width=\"800\" height=\"605\" src=\"https:\/\/pbuk.pl\/wp-content\/uploads\/2026\/01\/PBUK_Zadania-EN-ass-1024x775.jpg\" class=\"attachment-large size-large wp-image-8227\" alt=\"\" srcset=\"https:\/\/pbuk.pl\/wp-content\/uploads\/2026\/01\/PBUK_Zadania-EN-ass-1024x775.jpg 1024w, https:\/\/pbuk.pl\/wp-content\/uploads\/2026\/01\/PBUK_Zadania-EN-ass-300x227.jpg 300w, https:\/\/pbuk.pl\/wp-content\/uploads\/2026\/01\/PBUK_Zadania-EN-ass-768x581.jpg 768w, https:\/\/pbuk.pl\/wp-content\/uploads\/2026\/01\/PBUK_Zadania-EN-ass-1536x1162.jpg 1536w, https:\/\/pbuk.pl\/wp-content\/uploads\/2026\/01\/PBUK_Zadania-EN-ass-16x12.jpg 16w, https:\/\/pbuk.pl\/wp-content\/uploads\/2026\/01\/PBUK_Zadania-EN-ass.jpg 1776w\" sizes=\"(max-width: 800px) 100vw, 800px\" \/>\t\t\t\t\t\t\t\t\t\t\t\t\t\t\t<\/div>\n\t\t\t\t<\/div>\n\t\t\t\t<\/div>\n\t\t\t\t\t<\/div>\n\t\t\t\t<\/div>\n\t\t\t\t<\/div>\n\t\t\t\t<\/div>\n\t\t\t\t\t\t<\/div>\n\t\t\t\t<\/div>\n\t\t\t\t<\/div>\n\t\t<div class=\"elementor-element elementor-element-6ca2d67 e-flex e-con-boxed e-con e-parent\" data-id=\"6ca2d67\" data-element_type=\"container\" data-e-type=\"container\">\n\t\t\t\t\t<div class=\"e-con-inner\">\n\t\t<div class=\"elementor-element elementor-element-6ebd7e7 e-con-full e-flex e-con e-child\" data-id=\"6ebd7e7\" data-element_type=\"container\" data-e-type=\"container\">\n\t\t\t\t<div class=\"elementor-element elementor-element-4a258b4 elementor-widget__width-inherit elementor-widget elementor-widget-template\" data-id=\"4a258b4\" data-element_type=\"widget\" data-e-type=\"widget\" data-widget_type=\"template.default\">\n\t\t\t\t<div class=\"elementor-widget-container\">\n\t\t\t\t\t\t\t<div class=\"elementor-template\">\n\t\t\t\t\t<div data-elementor-type=\"container\" data-elementor-id=\"5600\" class=\"elementor elementor-5600\" data-elementor-post-type=\"elementor_library\">\n\t\t\t\t<div class=\"elementor-element elementor-element-383e1903 e-con-full e-flex e-con e-child\" data-id=\"383e1903\" data-element_type=\"container\" data-e-type=\"container\">\n\t\t\t\t<div class=\"elementor-element elementor-element-44222a13 elementor-position-left elementor-vertical-align-middle elementor-widget elementor-widget-image-box\" data-id=\"44222a13\" data-element_type=\"widget\" data-e-type=\"widget\" data-widget_type=\"image-box.default\">\n\t\t\t\t<div class=\"elementor-widget-container\">\n\t\t\t\t\t<div class=\"elementor-image-box-wrapper\"><figure class=\"elementor-image-box-img\"><img decoding=\"async\" width=\"320\" height=\"320\" src=\"https:\/\/pbuk.pl\/wp-content\/uploads\/2024\/11\/o-nas-icon.webp\" class=\"attachment-full size-full wp-image-631\" alt=\"\" srcset=\"https:\/\/pbuk.pl\/wp-content\/uploads\/2024\/11\/o-nas-icon.webp 320w, https:\/\/pbuk.pl\/wp-content\/uploads\/2024\/11\/o-nas-icon-300x300.webp 300w, https:\/\/pbuk.pl\/wp-content\/uploads\/2024\/11\/o-nas-icon-150x150.webp 150w, https:\/\/pbuk.pl\/wp-content\/uploads\/2024\/11\/o-nas-icon-12x12.webp 12w\" sizes=\"(max-width: 320px) 100vw, 320px\" \/><\/figure><div class=\"elementor-image-box-content\"><h2 class=\"elementor-image-box-title\">About Us<\/h2><\/div><\/div>\t\t\t\t<\/div>\n\t\t\t\t<\/div>\n\t\t\t\t<div class=\"elementor-element elementor-element-1f4da8bf elementor-nav-menu--dropdown-none elementor-widget elementor-widget-nav-menu\" data-id=\"1f4da8bf\" data-element_type=\"widget\" data-e-type=\"widget\" data-settings=\"{&quot;layout&quot;:&quot;vertical&quot;,&quot;submenu_icon&quot;:{&quot;value&quot;:&quot;&lt;svg aria-hidden=\\&quot;true\\&quot; class=\\&quot;e-font-icon-svg e-fas-caret-down\\&quot; viewBox=\\&quot;0 0 320 512\\&quot; xmlns=\\&quot;http:\\\/\\\/www.w3.org\\\/2000\\\/svg\\&quot;&gt;&lt;path d=\\&quot;M31.3 192h257.3c17.8 0 26.7 21.5 14.1 34.1L174.1 354.8c-7.8 7.8-20.5 7.8-28.3 0L17.2 226.1C4.6 213.5 13.5 192 31.3 192z\\&quot;&gt;&lt;\\\/path&gt;&lt;\\\/svg&gt;&quot;,&quot;library&quot;:&quot;fa-solid&quot;}}\" data-no-translation=\"\" data-widget_type=\"nav-menu.default\">\n\t\t\t\t<div class=\"elementor-widget-container\">\n\t\t\t\t\t<style>.elementor-element-1f4da8bf{display:none !important}<\/style>\t\t\t\t<\/div>\n\t\t\t\t<\/div>\n\t\t\t\t<div class=\"elementor-element elementor-element-af279ec elementor-nav-menu--dropdown-none elementor-widget elementor-widget-nav-menu\" data-id=\"af279ec\" data-element_type=\"widget\" data-e-type=\"widget\" data-settings=\"{&quot;layout&quot;:&quot;vertical&quot;,&quot;submenu_icon&quot;:{&quot;value&quot;:&quot;&lt;svg aria-hidden=\\&quot;true\\&quot; class=\\&quot;e-font-icon-svg e-fas-caret-down\\&quot; viewBox=\\&quot;0 0 320 512\\&quot; xmlns=\\&quot;http:\\\/\\\/www.w3.org\\\/2000\\\/svg\\&quot;&gt;&lt;path d=\\&quot;M31.3 192h257.3c17.8 0 26.7 21.5 14.1 34.1L174.1 354.8c-7.8 7.8-20.5 7.8-28.3 0L17.2 226.1C4.6 213.5 13.5 192 31.3 192z\\&quot;&gt;&lt;\\\/path&gt;&lt;\\\/svg&gt;&quot;,&quot;library&quot;:&quot;fa-solid&quot;}}\" data-no-translation=\"\" data-widget_type=\"nav-menu.default\">\n\t\t\t\t<div class=\"elementor-widget-container\">\n\t\t\t\t\t\t\t\t<nav aria-label=\"Menu\" class=\"elementor-nav-menu--main elementor-nav-menu__container elementor-nav-menu--layout-vertical e--pointer-text e--animation-none\">\n\t\t\t\t<ul id=\"menu-1-af279ec\" class=\"elementor-nav-menu sm-vertical\"><li class=\"menu-item menu-item-type-post_type menu-item-object-page menu-item-6055\"><a href=\"https:\/\/pbuk.pl\/en\/o-nas\/akty-prawne\/\" class=\"elementor-item\">Legal acts<\/a><\/li>\n<li class=\"menu-item menu-item-type-post_type menu-item-object-page menu-item-6057\"><a href=\"https:\/\/pbuk.pl\/en\/o-nas\/o-biurze\/\" class=\"elementor-item\">About Us<\/a><\/li>\n<li class=\"menu-item menu-item-type-post_type menu-item-object-page menu-item-6056\"><a href=\"https:\/\/pbuk.pl\/en\/o-nas\/czlonkowie-biura\/\" class=\"elementor-item\">Bureau Members<\/a><\/li>\n<li class=\"menu-item menu-item-type-post_type menu-item-object-page menu-item-6058\"><a href=\"https:\/\/pbuk.pl\/en\/o-nas\/ochrona-danych-osobowych\/\" class=\"elementor-item\">Personal data protection<\/a><\/li>\n<li class=\"menu-item menu-item-type-post_type menu-item-object-page menu-item-6059\"><a href=\"https:\/\/pbuk.pl\/en\/o-nas\/przydatne-linki\/\" class=\"elementor-item\">Useful links<\/a><\/li>\n<li class=\"menu-item menu-item-type-post_type menu-item-object-page menu-item-6060\"><a href=\"https:\/\/pbuk.pl\/en\/o-nas\/zadania\/\" class=\"elementor-item\">Assignments<\/a><\/li>\n<\/ul>\t\t\t<\/nav>\n\t\t\t\t\t\t<nav class=\"elementor-nav-menu--dropdown elementor-nav-menu__container\" aria-hidden=\"true\">\n\t\t\t\t<ul id=\"menu-2-af279ec\" class=\"elementor-nav-menu sm-vertical\"><li class=\"menu-item menu-item-type-post_type menu-item-object-page menu-item-6055\"><a href=\"https:\/\/pbuk.pl\/en\/o-nas\/akty-prawne\/\" class=\"elementor-item\" tabindex=\"-1\">Legal acts<\/a><\/li>\n<li class=\"menu-item menu-item-type-post_type menu-item-object-page menu-item-6057\"><a href=\"https:\/\/pbuk.pl\/en\/o-nas\/o-biurze\/\" class=\"elementor-item\" tabindex=\"-1\">About Us<\/a><\/li>\n<li class=\"menu-item menu-item-type-post_type menu-item-object-page menu-item-6056\"><a href=\"https:\/\/pbuk.pl\/en\/o-nas\/czlonkowie-biura\/\" class=\"elementor-item\" tabindex=\"-1\">Bureau Members<\/a><\/li>\n<li class=\"menu-item menu-item-type-post_type menu-item-object-page menu-item-6058\"><a href=\"https:\/\/pbuk.pl\/en\/o-nas\/ochrona-danych-osobowych\/\" class=\"elementor-item\" tabindex=\"-1\">Personal data protection<\/a><\/li>\n<li class=\"menu-item menu-item-type-post_type menu-item-object-page menu-item-6059\"><a href=\"https:\/\/pbuk.pl\/en\/o-nas\/przydatne-linki\/\" class=\"elementor-item\" tabindex=\"-1\">Useful links<\/a><\/li>\n<li class=\"menu-item menu-item-type-post_type menu-item-object-page menu-item-6060\"><a href=\"https:\/\/pbuk.pl\/en\/o-nas\/zadania\/\" class=\"elementor-item\" tabindex=\"-1\">Assignments<\/a><\/li>\n<\/ul>\t\t\t<\/nav>\n\t\t\t\t\t\t<\/div>\n\t\t\t\t<\/div>\n\t\t\t\t<\/div>\n\t\t\t\t<\/div>\n\t\t\t\t<\/div>\n\t\t\t\t\t\t<\/div>\n\t\t\t\t<\/div>\n\t\t\t\t<\/div>\n\t\t<div class=\"elementor-element elementor-element-0c747cc e-con-full content e-flex e-con e-child\" data-id=\"0c747cc\" data-element_type=\"container\" data-e-type=\"container\">\n\t\t\t\t<div class=\"elementor-element elementor-element-64a5f89 elementor-widget elementor-widget-text-editor\" data-id=\"64a5f89\" data-element_type=\"widget\" data-e-type=\"widget\" data-widget_type=\"text-editor.default\">\n\t\t\t\t<div class=\"elementor-widget-container\">\n\t\t\t\t\t\t\t\t\t<h3><strong>In conducting its business, PBUK is responsible for:<\/strong><\/h3>\n<ol>\n \t<li><b>Issuing insurance documents<\/b> (Green Card Certificates) valid in other countries of the <a class=\"pbuk-popup-link\" href=\"\/en\/about-us\/assignments\/\" data-popup-type=\"GC\" data-toggle=\"modal\" data-target=\"#pbukPopup\">Green Card System<\/a>.<\/li>\n \t<li class=\"translation-block\"><b>Concluding agreements<\/b> with National Bureaux of other System Members on the mutual recognising of insurance documents<\/li>\n \t<li>Organising claims settlement or directly settling claims caused on Polish territory by owners of motor vehicles registered abroad in possession of valid insurance documents (Green Card) issued by the foreign National Bureaux<\/li>\n \t<li>Organising claims settlement or directly settling claims caused on Polish territory by owners of motor vehicles registered in countries, whose National Bureaux are Signatories of the <a class=\"pbuk-popup-link\" href=\"\/en\/about-us\/assignments\/\" data-popup-type=\"OC\" data-toggle=\"modal\" data-target=\"#pbukPopup\">Multilateral Agreement<\/a> (i.e. <a class=\"pbuk-popup-link\" href=\"\/en\/about-us\/assignments\/\" data-popup-type=\"EOG\" data-toggle=\"modal\" data-target=\"#pbukPopup\">EEA countries<\/a>, Andorra, Bosnia and Herzegovina, Montenegro, Serbia, Switzerland or United Kingdom);<\/li>\n \t<li>Defining rules and procedures for the distribution of frontier insurance policies, in particular determining their templates and their recording.<\/li>\n<\/ol>\t\t\t\t\t\t\t\t<\/div>\n\t\t\t\t<\/div>\n\t\t\t\t<div class=\"elementor-element elementor-element-8828e97 elementor-widget elementor-widget-text-editor\" data-id=\"8828e97\" data-element_type=\"widget\" data-e-type=\"widget\" data-widget_type=\"text-editor.default\">\n\t\t\t\t<div class=\"elementor-widget-container\">\n\t\t\t\t\t\t\t\t\tFurthermore, <b>PBUK acts as<\/b>:\n<h3 id=\"organ-odszkodowawczy\"><strong>Compensation body<\/strong><\/h3>\n<p>The Fourth Motor Insurance Directive established the institution of the Compensation Body, whose function in Poland is performed, under the Act on Compulsory Insurance, UFG and PBUK of 22 May 2023, by the Polish Motor Insurers\u2019 Bureau.<\/p>\n<p>In principle this institution acts when an insurance company does not fulfil its obligations as specified by the Directive.<\/p>\n<p>The Compensation Body examines claims arising in connection with the movement of vehicles registered on the territory of <a href=\"#\" class=\"pbuk-popup-link\" data-popup-type=\"EOG\" data-toggle=\"modal\" data-target=\"#pbukPopup\">EEA countries<\/a>, if:\n<ul>\n \t<li>The accident occurred on the territory of an <a href=\"#\" class=\"pbuk-popup-link pbuk-popup-link--sentence\" data-popup-type=\"EOG\" data-toggle=\"modal\" data-target=\"#pbukPopup\" data-eog-context=\"sentence\">EEA country<\/a>, innego ni\u017c miejsce zamieszkania poszkodowanego<\/li>\n \t<li>The accident occurred on the territory of a third country Member of the <a href=\"#\" class=\"pbuk-popup-link\" data-popup-type=\"GC\" data-toggle=\"modal\" data-target=\"#pbukPopup\">Green Card System<\/a><\/li>\n\n\n \t<li>The insurance company responsible for the damage could not be identified within two months of the date of the accident<\/li>\n\n\n<\/ul>\n<p>The Compensation Body shall proceed to consider the claim if:<\/p>\n<ul>\n \t<li>The insurance company  (or its claims representative) has not provided a \u201creasoned reply\u201d to the claim within 3 months of the date when the visiting victim presented his\/her claim for compensation<\/li>\n \t<li>The insurance company has not nominated a claims representative in the injured party\u2019s country<\/li>\n \t<li>The insurer of the responsible vehicle is not identified within two months after the accident<\/li>\n<\/ul>\n<p>The Compensation Body takes action at the request of the injured party, within two months of reporting the claim to the Compensation Body, if within that time period the insurance company  (or its claims representative) did not present the injured party a \u201creasoned reply\u201d to the claim.<\/p>\n\n<p>The Compensation Body does not consider claims if the injured party has taken legal action against the insurance company in which the perpetrator had purchased civil liability insurance policy.<\/p>\n\n<h3 id=\"osrodek-informacji\"><strong>Information Centre<\/strong><\/h3>\n<p>The Information Centre is responsible for collecting and sharing information regarding compulsory MTPL insurance policies as well as information regarding claims representatives nominated by the insurance companies.<\/p>\n\n<p>In Poland, the following institutions acts as Information Centres:<\/p>\t\t\t\t\t\t\t\t<\/div>\n\t\t\t\t<\/div>\n\t\t<div class=\"elementor-element elementor-element-e573635 e-con-full e-flex e-con e-child\" data-id=\"e573635\" data-element_type=\"container\" data-e-type=\"container\">\n\t\t<div class=\"elementor-element elementor-element-26eb12a e-con-full e-flex e-con e-child\" data-id=\"26eb12a\" data-element_type=\"container\" data-e-type=\"container\">\n\t\t\t\t<div class=\"elementor-element elementor-element-e5dcd06 elementor-widget__width-initial elementor-widget-mobile__width-inherit elementor-widget elementor-widget-image\" data-id=\"e5dcd06\" data-element_type=\"widget\" data-e-type=\"widget\" data-widget_type=\"image.default\">\n\t\t\t\t<div class=\"elementor-widget-container\">\n\t\t\t\t\t\t\t\t\t\t\t\t\t\t\t\t<a href=\"https:\/\/ufg.pl\" target=\"_blank\">\n\t\t\t\t\t\t\t<img decoding=\"async\" width=\"800\" height=\"352\" src=\"https:\/\/pbuk.pl\/wp-content\/uploads\/2025\/07\/ufg-logo.png\" class=\"attachment-large size-large wp-image-5905\" alt=\"\" srcset=\"https:\/\/pbuk.pl\/wp-content\/uploads\/2025\/07\/ufg-logo.png 800w, https:\/\/pbuk.pl\/wp-content\/uploads\/2025\/07\/ufg-logo-300x132.png 300w, https:\/\/pbuk.pl\/wp-content\/uploads\/2025\/07\/ufg-logo-768x338.png 768w, https:\/\/pbuk.pl\/wp-content\/uploads\/2025\/07\/ufg-logo-18x8.png 18w\" sizes=\"(max-width: 800px) 100vw, 800px\" \/>\t\t\t\t\t\t\t\t<\/a>\n\t\t\t\t\t\t\t\t\t\t\t\t\t\t\t<\/div>\n\t\t\t\t<\/div>\n\t\t<div class=\"elementor-element elementor-element-75d2bd2 e-con-full e-flex e-con e-child\" data-id=\"75d2bd2\" data-element_type=\"container\" data-e-type=\"container\">\n\t\t\t\t<div class=\"elementor-element elementor-element-8a08583 section-heading elementor-widget elementor-widget-heading\" data-id=\"8a08583\" data-element_type=\"widget\" data-e-type=\"widget\" data-widget_type=\"heading.default\">\n\t\t\t\t<div class=\"elementor-widget-container\">\n\t\t\t\t\t<h3 class=\"elementor-heading-title elementor-size-default\">1. Insurance Guarantee Fund<\/h3>\t\t\t\t<\/div>\n\t\t\t\t<\/div>\n\t\t\t\t<\/div>\n\t\t\t\t<\/div>\n\t\t<div class=\"elementor-element elementor-element-88ceaa5 e-con-full e-flex e-con e-child\" data-id=\"88ceaa5\" data-element_type=\"container\" data-e-type=\"container\">\n\t\t\t\t<div class=\"elementor-element elementor-element-f37fb90 elementor-widget elementor-widget-text-editor\" data-id=\"f37fb90\" data-element_type=\"widget\" data-e-type=\"widget\" data-widget_type=\"text-editor.default\">\n\t\t\t\t<div class=\"elementor-widget-container\">\n\t\t\t\t\t\t\t\t\t<p>UFG is responsible for keeping registers of the registration numbers of the vehicles (license plates) in Poland and the number of its Motor Third Party Liability (MTPL) insurance policy; on insurance companies conducting insurance business in group 10 (excluding the carrier\u2019s third party liability insurance) as well as their claims representatives outside of the borders of our country.<\/p>\t\t\t\t\t\t\t\t<\/div>\n\t\t\t\t<\/div>\n\t\t\t\t<\/div>\n\t\t\t\t<\/div>\n\t\t<div class=\"elementor-element elementor-element-5187612 e-con-full e-flex e-con e-child\" data-id=\"5187612\" data-element_type=\"container\" data-e-type=\"container\">\n\t\t<div class=\"elementor-element elementor-element-5eff81a e-con-full e-flex e-con e-child\" data-id=\"5eff81a\" data-element_type=\"container\" data-e-type=\"container\">\n\t\t\t\t<div class=\"elementor-element elementor-element-7ee9335 elementor-widget__width-initial elementor-widget-mobile__width-inherit elementor-widget elementor-widget-image\" data-id=\"7ee9335\" data-element_type=\"widget\" data-e-type=\"widget\" data-widget_type=\"image.default\">\n\t\t\t\t<div class=\"elementor-widget-container\">\n\t\t\t\t\t\t\t\t\t\t\t\t\t\t\t<img loading=\"lazy\" decoding=\"async\" width=\"771\" height=\"180\" src=\"https:\/\/pbuk.pl\/wp-content\/uploads\/2024\/11\/PBUK-Logo-stopka.webp\" class=\"attachment-large size-large wp-image-1174\" alt=\"\" srcset=\"https:\/\/pbuk.pl\/wp-content\/uploads\/2024\/11\/PBUK-Logo-stopka.webp 771w, https:\/\/pbuk.pl\/wp-content\/uploads\/2024\/11\/PBUK-Logo-stopka-300x70.webp 300w, https:\/\/pbuk.pl\/wp-content\/uploads\/2024\/11\/PBUK-Logo-stopka-768x179.webp 768w, https:\/\/pbuk.pl\/wp-content\/uploads\/2024\/11\/PBUK-Logo-stopka-18x4.webp 18w\" sizes=\"(max-width: 771px) 100vw, 771px\" \/>\t\t\t\t\t\t\t\t\t\t\t\t\t\t\t<\/div>\n\t\t\t\t<\/div>\n\t\t<div class=\"elementor-element elementor-element-5037593 e-con-full e-flex e-con e-child\" data-id=\"5037593\" data-element_type=\"container\" data-e-type=\"container\">\n\t\t\t\t<div class=\"elementor-element elementor-element-66c34e9 section-heading elementor-widget elementor-widget-heading\" data-id=\"66c34e9\" data-element_type=\"widget\" data-e-type=\"widget\" data-widget_type=\"heading.default\">\n\t\t\t\t<div class=\"elementor-widget-container\">\n\t\t\t\t\t<h3 class=\"elementor-heading-title elementor-size-default\">2. Polish Motor Insurers' Bureau<\/h3>\t\t\t\t<\/div>\n\t\t\t\t<\/div>\n\t\t\t\t<\/div>\n\t\t\t\t<\/div>\n\t\t<div class=\"elementor-element elementor-element-76bbe64 e-con-full e-flex e-con e-child\" data-id=\"76bbe64\" data-element_type=\"container\" data-e-type=\"container\">\n\t\t\t\t<div class=\"elementor-element elementor-element-be1c9fe elementor-widget elementor-widget-text-editor\" data-id=\"be1c9fe\" data-element_type=\"widget\" data-e-type=\"widget\" data-widget_type=\"text-editor.default\">\n\t\t\t\t<div class=\"elementor-widget-container\">\n\t\t\t\t\t\t\t\t\t<p>PBUK determines and shares information on foreign insurance companies , whose insured were responsible for accidents, as well as on foreign claims representatives nominated in Poland. PBUK obtains this information from foreign Information Centres.<\/p><p>In the event of an incident (collision, road accident, etc.) which took place abroad, and which involved a vehicle registered in an <a href=\"#\" class=\"pbuk-popup-link pbuk-popup-link--sentence\" data-popup-type=\"EOG\" data-toggle=\"modal\" data-target=\"#pbukPopup\" data-eog-context=\"sentence\">EEA country<\/a> or Switzerland, there is the possibility of pursuing one\u2019s claims in Poland. For this purpose, after returning to Poland one should contact the Polish Motor Insurers\u2019 Bureau which will, based on the information about the perpetrator of the accident (registration number of the vehicle, registration country of the vehicle), provide information, in which insurance company the perpetrator of the accident was insured as well as who his claims representative is in Poland.<\/p><p>After obtaining the above information, the claim can be reported directly to the claims representative, who is obliged to provide a reasoned reply to the injured party within 90 days of the claim being filed. If within that timeframe the injured party does not receive a reasoned reply from the claims representative he\/she can report his\/her claim to the Compensation Body, which is the Polish Motor Insurers\u2019 Bureau.<\/p><p>The claim can also be directly reported to the Compensation Body in situations where the foreign insurance company with which the perpetrator of the accident was insured did not nominated  a claims representative in Poland.<\/p>\t\t\t\t\t\t\t\t<\/div>\n\t\t\t\t<\/div>\n\t\t\t\t<\/div>\n\t\t\t\t<\/div>\n\t\t\t\t<\/div>\n\t\t\t\t\t<\/div>\n\t\t\t\t<\/div>\n\t\t\t\t<\/div>","protected":false},"excerpt":{"rendered":"<p>Prowadz\u0105c swoj\u0105 dzia\u0142alno\u015b\u0107 PBUK zajmuje si\u0119: wystawianiem dokument\u00f3w ubezpieczeniowych (certyfikat\u00f3w Zielonych Kart) wa\u017cnych w innych krajach Systemu Zielonej Karty. zawieraniem z Biurami Narodowymi z innych pa\u0144stw Systemu um\u00f3w o wzajemnym uznawaniu dokument\u00f3w ubezpieczeniowych; organizowaniem likwidacji szk\u00f3d lub bezpo\u015bredni\u0105 likwidacj\u0105 szk\u00f3d spowodowanych na terytorium Polski przez posiadaczy pojazd\u00f3w mechanicznych zarejestrowanych za granic\u0105 posiadaj\u0105cych wa\u017cne dokumenty ubezpieczeniowe [&hellip;]<\/p>\n","protected":false},"author":1,"featured_media":5667,"parent":23,"menu_order":0,"comment_status":"closed","ping_status":"closed","template":"","meta":{"_acf_changed":false,"inline_featured_image":false,"footnotes":""},"class_list":["post-859","page","type-page","status-publish","has-post-thumbnail","hentry"],"acf":[],"_links":{"self":[{"href":"https:\/\/pbuk.pl\/en\/wp-json\/wp\/v2\/pages\/859","targetHints":{"allow":["GET"]}}],"collection":[{"href":"https:\/\/pbuk.pl\/en\/wp-json\/wp\/v2\/pages"}],"about":[{"href":"https:\/\/pbuk.pl\/en\/wp-json\/wp\/v2\/types\/page"}],"author":[{"embeddable":true,"href":"https:\/\/pbuk.pl\/en\/wp-json\/wp\/v2\/users\/1"}],"replies":[{"embeddable":true,"href":"https:\/\/pbuk.pl\/en\/wp-json\/wp\/v2\/comments?post=859"}],"version-history":[{"count":95,"href":"https:\/\/pbuk.pl\/en\/wp-json\/wp\/v2\/pages\/859\/revisions"}],"predecessor-version":[{"id":8308,"href":"https:\/\/pbuk.pl\/en\/wp-json\/wp\/v2\/pages\/859\/revisions\/8308"}],"up":[{"embeddable":true,"href":"https:\/\/pbuk.pl\/en\/wp-json\/wp\/v2\/pages\/23"}],"wp:featuredmedia":[{"embeddable":true,"href":"https:\/\/pbuk.pl\/en\/wp-json\/wp\/v2\/media\/5667"}],"wp:attachment":[{"href":"https:\/\/pbuk.pl\/en\/wp-json\/wp\/v2\/media?parent=859"}],"curies":[{"name":"wp","href":"https:\/\/api.w.org\/{rel}","templated":true}]}}